{"id":30589,"date":"2018-04-19T20:04:05","date_gmt":"2018-04-19T18:04:05","guid":{"rendered":"https:\/\/www.ateliegrupa.pl\/?page_id=30589"},"modified":"2019-07-04T11:09:14","modified_gmt":"2019-07-04T09:09:14","slug":"3d-show","status":"publish","type":"page","link":"https:\/\/www.ateliegrupa.pl\/en\/portfolio-gallery\/3d-show\/","title":{"rendered":"3D Show"},"content":{"rendered":"<p>[vc_row css=&#8221;.vc_custom_1499903995366{margin-top: 0px !important;margin-right: 0px !important;margin-bottom: 0px !important;margin-left: 0px !important;padding-top: 0px !important;padding-right: 0px !important;padding-bottom: 0px !important;padding-left: 0px !important;}&#8221;][vc_column css=&#8221;.vc_custom_1499904065344{margin-bottom: 0px !important;padding-top: 20px !important;padding-bottom: 0px !important;}&#8221;]<div class=\"preloader\"><div class=\"preloader-spin\"><\/div><\/div> <div class=\"gallery-preloader-wrapper\"> <div class=\"row\" style=\"margin-top: -10px\"> <div class=\"gaps-margin gallery-style-masonry gem-gallery-grid col-lg-12 col-md-12 col-sm-12 gallery-items-masonry columns-3 hover-circular item-animation-move-up \" data-hover=\"circular\"> <ul style=\"margin-left: -10px; margin-right: -10px;\" class=\"gallery-set clearfix\" data-max-row-height=\"380\"> <li style=\"padding: 10px\" class=\"gallery-item col-lg-4 col-md-4 col-sm-6 col-xs-6 item-animations-not-inited post-30589 page type-page status-publish has-post-thumbnail hentry\"> <div class=\"wrap gem-wrapbox-style-default\"> <div class=\"overlay-wrap\"> <div class=\"image-wrap \"> <picture> <source srcset=\"https:\/\/www.ateliegrupa.pl\/wp-content\/uploads\/2018\/02\/25073272_2019923308265713_3617845943401593675_o-thegem-gallery-masonry-2x-500.jpg 1x, https:\/\/www.ateliegrupa.pl\/wp-content\/uploads\/2018\/02\/25073272_2019923308265713_3617845943401593675_o-thegem-gallery-masonry-double.jpg 2x\" media=\"(max-width: 550px)\" sizes=\"100vw\"> <source srcset=\"https:\/\/www.ateliegrupa.pl\/wp-content\/uploads\/2018\/02\/25073272_2019923308265713_3617845943401593675_o-thegem-gallery-masonry-3x.jpg 1x, https:\/\/www.ateliegrupa.pl\/wp-content\/uploads\/2018\/02\/25073272_2019923308265713_3617845943401593675_o-thegem-gallery-masonry-double.jpg 2x\" media=\"(max-width: 1920px)\" sizes=\"100vw\"> <img src=\"https:\/\/www.ateliegrupa.pl\/wp-content\/uploads\/2018\/02\/25073272_2019923308265713_3617845943401593675_o-thegem-gallery-masonry.jpg\" width=\"660\" height=\"440\" class=\"attachment-thegem-gallery-masonry\" alt=\"25073272_2019923308265713_3617845943401593675_o\" \/> <\/picture> <\/div> <div class=\"overlay \"> <div class=\"overlay-circle\"><\/div> <a href=\"https:\/\/www.ateliegrupa.pl\/wp-content\/uploads\/2018\/02\/25073272_2019923308265713_3617845943401593675_o.jpg\" class=\"gallery-item-link fancy-gallery\" rel=\"gallery-69e2530f1fece\"> <span class=\"slide-info\"> <\/span> <\/a> <div class=\"overlay-content\"> <div class=\"overlay-content-center\"> <div class=\"overlay-content-inner\"> <a href=\"https:\/\/www.ateliegrupa.pl\/wp-content\/uploads\/2018\/02\/25073272_2019923308265713_3617845943401593675_o.jpg\" class=\"icon photo \" > <\/a> <div class=\"overlay-line\"><\/div> <\/div> <\/div> <\/div> <\/div> <\/div> <\/div> <\/li> <li style=\"padding: 10px\" class=\"gallery-item col-lg-4 col-md-4 col-sm-6 col-xs-6 item-animations-not-inited post-30589 page type-page status-publish has-post-thumbnail hentry\"> <div class=\"wrap gem-wrapbox-style-default\"> <div class=\"overlay-wrap\"> <div class=\"image-wrap \"> <picture> <source srcset=\"https:\/\/www.ateliegrupa.pl\/wp-content\/uploads\/2018\/02\/25073397_2019923361599041_4490857913663202326_o-thegem-gallery-masonry-2x-500.jpg 1x, https:\/\/www.ateliegrupa.pl\/wp-content\/uploads\/2018\/02\/25073397_2019923361599041_4490857913663202326_o-thegem-gallery-masonry-double.jpg 2x\" media=\"(max-width: 550px)\" sizes=\"100vw\"> <source srcset=\"https:\/\/www.ateliegrupa.pl\/wp-content\/uploads\/2018\/02\/25073397_2019923361599041_4490857913663202326_o-thegem-gallery-masonry-3x.jpg 1x, https:\/\/www.ateliegrupa.pl\/wp-content\/uploads\/2018\/02\/25073397_2019923361599041_4490857913663202326_o-thegem-gallery-masonry-double.jpg 2x\" media=\"(max-width: 1920px)\" sizes=\"100vw\"> <img src=\"https:\/\/www.ateliegrupa.pl\/wp-content\/uploads\/2018\/02\/25073397_2019923361599041_4490857913663202326_o-thegem-gallery-masonry.jpg\" width=\"660\" height=\"422\" class=\"attachment-thegem-gallery-masonry\" alt=\"25073397_2019923361599041_4490857913663202326_o\" \/> <\/picture> <\/div> <div class=\"overlay \"> <div class=\"overlay-circle\"><\/div> <a href=\"https:\/\/www.ateliegrupa.pl\/wp-content\/uploads\/2018\/02\/25073397_2019923361599041_4490857913663202326_o.jpg\" class=\"gallery-item-link fancy-gallery\" rel=\"gallery-69e2530f1fece\"> <span class=\"slide-info\"> <\/span> <\/a> <div class=\"overlay-content\"> <div class=\"overlay-content-center\"> <div class=\"overlay-content-inner\"> <a href=\"https:\/\/www.ateliegrupa.pl\/wp-content\/uploads\/2018\/02\/25073397_2019923361599041_4490857913663202326_o.jpg\" class=\"icon photo \" > <\/a> <div class=\"overlay-line\"><\/div> <\/div> <\/div> <\/div> <\/div> <\/div> <\/div> <\/li> <li style=\"padding: 10px\" class=\"gallery-item col-lg-4 col-md-4 col-sm-6 col-xs-6 item-animations-not-inited post-30589 page type-page status-publish has-post-thumbnail hentry\"> <div class=\"wrap gem-wrapbox-style-default\"> <div class=\"overlay-wrap\"> <div class=\"image-wrap \"> <picture> <source srcset=\"https:\/\/www.ateliegrupa.pl\/wp-content\/uploads\/2018\/02\/25075195_2019923418265702_6561745268980103853_o-thegem-gallery-masonry-2x-500.jpg 1x, https:\/\/www.ateliegrupa.pl\/wp-content\/uploads\/2018\/02\/25075195_2019923418265702_6561745268980103853_o-thegem-gallery-masonry-double.jpg 2x\" media=\"(max-width: 550px)\" sizes=\"100vw\"> <source srcset=\"https:\/\/www.ateliegrupa.pl\/wp-content\/uploads\/2018\/02\/25075195_2019923418265702_6561745268980103853_o-thegem-gallery-masonry-3x.jpg 1x, https:\/\/www.ateliegrupa.pl\/wp-content\/uploads\/2018\/02\/25075195_2019923418265702_6561745268980103853_o-thegem-gallery-masonry-double.jpg 2x\" media=\"(max-width: 1920px)\" sizes=\"100vw\"> <img src=\"https:\/\/www.ateliegrupa.pl\/wp-content\/uploads\/2018\/02\/25075195_2019923418265702_6561745268980103853_o-thegem-gallery-masonry.jpg\" width=\"660\" height=\"382\" class=\"attachment-thegem-gallery-masonry\" alt=\"25075195_2019923418265702_6561745268980103853_o\" \/> <\/picture> <\/div> <div class=\"overlay \"> <div class=\"overlay-circle\"><\/div> <a href=\"https:\/\/www.ateliegrupa.pl\/wp-content\/uploads\/2018\/02\/25075195_2019923418265702_6561745268980103853_o.jpg\" class=\"gallery-item-link fancy-gallery\" rel=\"gallery-69e2530f1fece\"> <span class=\"slide-info\"> <\/span> <\/a> <div class=\"overlay-content\"> <div class=\"overlay-content-center\"> <div class=\"overlay-content-inner\"> <a href=\"https:\/\/www.ateliegrupa.pl\/wp-content\/uploads\/2018\/02\/25075195_2019923418265702_6561745268980103853_o.jpg\" class=\"icon photo \" > <\/a> <div class=\"overlay-line\"><\/div> <\/div> <\/div> <\/div> <\/div> <\/div> <\/div> <\/li> <li style=\"padding: 10px\" class=\"gallery-item col-lg-4 col-md-4 col-sm-6 col-xs-6 item-animations-not-inited post-30589 page type-page status-publish has-post-thumbnail hentry\"> <div class=\"wrap gem-wrapbox-style-default\"> <div class=\"overlay-wrap\"> <div class=\"image-wrap \"> <picture> <source srcset=\"https:\/\/www.ateliegrupa.pl\/wp-content\/uploads\/2019\/07\/3d-show-GloWNE-1024x682-thegem-gallery-masonry-2x-500.jpg 1x, https:\/\/www.ateliegrupa.pl\/wp-content\/uploads\/2019\/07\/3d-show-GloWNE-1024x682-thegem-gallery-masonry-double.jpg 2x\" media=\"(max-width: 550px)\" sizes=\"100vw\"> <source srcset=\"https:\/\/www.ateliegrupa.pl\/wp-content\/uploads\/2019\/07\/3d-show-GloWNE-1024x682-thegem-gallery-masonry-3x.jpg 1x, https:\/\/www.ateliegrupa.pl\/wp-content\/uploads\/2019\/07\/3d-show-GloWNE-1024x682-thegem-gallery-masonry-double.jpg 2x\" media=\"(max-width: 1920px)\" sizes=\"100vw\"> <img src=\"https:\/\/www.ateliegrupa.pl\/wp-content\/uploads\/2019\/07\/3d-show-GloWNE-1024x682-thegem-gallery-masonry.jpg\" width=\"660\" height=\"440\" class=\"attachment-thegem-gallery-masonry\" alt=\"3d-show-GloWNE-1024x682\" \/> <\/picture> <\/div> <div class=\"overlay \"> <div class=\"overlay-circle\"><\/div> <a href=\"https:\/\/www.ateliegrupa.pl\/wp-content\/uploads\/2019\/07\/3d-show-GloWNE-1024x682.jpg\" class=\"gallery-item-link fancy-gallery\" rel=\"gallery-69e2530f1fece\"> <span class=\"slide-info\"> <\/span> <\/a> <div class=\"overlay-content\"> <div class=\"overlay-content-center\"> <div class=\"overlay-content-inner\"> <a href=\"https:\/\/www.ateliegrupa.pl\/wp-content\/uploads\/2019\/07\/3d-show-GloWNE-1024x682.jpg\" class=\"icon photo \" > <\/a> <div class=\"overlay-line\"><\/div> <\/div> <\/div> <\/div> <\/div> <\/div> <\/div> <\/li> <\/ul> <\/div> <\/div> <\/div>[\/vc_column][\/vc_row]<\/p>\n","protected":false},"excerpt":{"rendered":"<p>[vc_row css=&#8221;.vc_custom_1499903995366{margin-top: 0px !important;margin-right: 0px !important;margin-bottom: 0px !important;margin-left: 0px !important;padding-top: 0px !important;padding-right: 0px !important;padding-bottom: 0px !important;padding-left: 0px !important;}&#8221;][vc_column css=&#8221;.vc_custom_1499904065344{margin-bottom: 0px&#8230;<\/p>\n","protected":false},"author":1,"featured_media":30727,"parent":30587,"menu_order":0,"comment_status":"closed","ping_status":"closed","template":"","meta":{"_mi_skip_tracking":false,"_exactmetrics_sitenote_active":false,"_exactmetrics_sitenote_note":"","_exactmetrics_sitenote_category":0},"yoast_head":"<!-- This site is optimized with the Yoast SEO plugin v17.7.1 - https:\/\/yoast.com\/wordpress\/plugins\/seo\/ -->\n<title>3D Show - Atelie Grupa Taneczna<\/title>\n<meta name=\"robots\" content=\"index, follow, max-snippet:-1, max-image-preview:large, max-video-preview:-1\" \/>\n<link rel=\"canonical\" href=\"https:\/\/www.ateliegrupa.pl\/en\/portfolio-gallery\/3d-show\/\" \/>\n<meta property=\"og:locale\" content=\"en_US\" \/>\n<meta property=\"og:type\" content=\"article\" \/>\n<meta property=\"og:title\" content=\"3D Show - Atelie Grupa Taneczna\" \/>\n<meta property=\"og:description\" content=\"[vc_row css=&#8221;.vc_custom_1499903995366{margin-top: 0px !important;margin-right: 0px !important;margin-bottom: 0px !important;margin-left: 0px !important;padding-top: 0px !important;padding-right: 0px !important;padding-bottom: 0px !important;padding-left: 0px !important;}&#8221;][vc_column css=&#8221;.vc_custom_1499904065344{margin-bottom: 0px...\" \/>\n<meta property=\"og:url\" content=\"https:\/\/www.ateliegrupa.pl\/en\/portfolio-gallery\/3d-show\/\" \/>\n<meta property=\"og:site_name\" content=\"Atelie Grupa Taneczna\" \/>\n<meta property=\"article:modified_time\" content=\"2019-07-04T09:09:14+00:00\" \/>\n<meta property=\"og:image\" content=\"https:\/\/www.ateliegrupa.pl\/wp-content\/uploads\/2019\/07\/3d-show-glowne-en.jpg\" \/>\n\t<meta property=\"og:image:width\" content=\"2000\" \/>\n\t<meta property=\"og:image:height\" content=\"1333\" \/>\n<meta name=\"twitter:card\" content=\"summary\" \/>\n<script type=\"application\/ld+json\" class=\"yoast-schema-graph\">{\"@context\":\"https:\/\/schema.org\",\"@graph\":[{\"@type\":\"WebSite\",\"@id\":\"https:\/\/www.ateliegrupa.pl\/#website\",\"url\":\"https:\/\/www.ateliegrupa.pl\/\",\"name\":\"Atelie Grupa Taneczna\",\"description\":\"Z najwi\\u0119ksz\\u0105 przyjemno\\u015bci\\u0105 prezentujemy Pa\\u0144stwu Grup\\u0119 Taneczno-Akrobatyczn\\u0105 ATELIE.\",\"potentialAction\":[{\"@type\":\"SearchAction\",\"target\":{\"@type\":\"EntryPoint\",\"urlTemplate\":\"https:\/\/www.ateliegrupa.pl\/?s={search_term_string}\"},\"query-input\":\"required name=search_term_string\"}],\"inLanguage\":\"en-US\"},{\"@type\":\"ImageObject\",\"@id\":\"https:\/\/www.ateliegrupa.pl\/en\/portfolio-gallery\/3d-show\/#primaryimage\",\"inLanguage\":\"en-US\",\"url\":\"https:\/\/www.ateliegrupa.pl\/wp-content\/uploads\/2019\/07\/3d-show-glowne-en.jpg\",\"contentUrl\":\"https:\/\/www.ateliegrupa.pl\/wp-content\/uploads\/2019\/07\/3d-show-glowne-en.jpg\",\"width\":2000,\"height\":1333},{\"@type\":\"WebPage\",\"@id\":\"https:\/\/www.ateliegrupa.pl\/en\/portfolio-gallery\/3d-show\/#webpage\",\"url\":\"https:\/\/www.ateliegrupa.pl\/en\/portfolio-gallery\/3d-show\/\",\"name\":\"3D Show - Atelie Grupa Taneczna\",\"isPartOf\":{\"@id\":\"https:\/\/www.ateliegrupa.pl\/#website\"},\"primaryImageOfPage\":{\"@id\":\"https:\/\/www.ateliegrupa.pl\/en\/portfolio-gallery\/3d-show\/#primaryimage\"},\"datePublished\":\"2018-04-19T18:04:05+00:00\",\"dateModified\":\"2019-07-04T09:09:14+00:00\",\"breadcrumb\":{\"@id\":\"https:\/\/www.ateliegrupa.pl\/en\/portfolio-gallery\/3d-show\/#breadcrumb\"},\"inLanguage\":\"en-US\",\"potentialAction\":[{\"@type\":\"ReadAction\",\"target\":[\"https:\/\/www.ateliegrupa.pl\/en\/portfolio-gallery\/3d-show\/\"]}]},{\"@type\":\"BreadcrumbList\",\"@id\":\"https:\/\/www.ateliegrupa.pl\/en\/portfolio-gallery\/3d-show\/#breadcrumb\",\"itemListElement\":[{\"@type\":\"ListItem\",\"position\":1,\"name\":\"Strona g\\u0142\\u00f3wna\",\"item\":\"https:\/\/www.ateliegrupa.pl\/en\/\"},{\"@type\":\"ListItem\",\"position\":2,\"name\":\"Portfolio Gallery\",\"item\":\"https:\/\/www.ateliegrupa.pl\/en\/portfolio-gallery\/\"},{\"@type\":\"ListItem\",\"position\":3,\"name\":\"3D Show\"}]}]}<\/script>\n<!-- \/ Yoast SEO plugin. -->","yoast_head_json":{"title":"3D Show - Atelie Grupa Taneczna","robots":{"index":"index","follow":"follow","max-snippet":"max-snippet:-1","max-image-preview":"max-image-preview:large","max-video-preview":"max-video-preview:-1"},"canonical":"https:\/\/www.ateliegrupa.pl\/en\/portfolio-gallery\/3d-show\/","og_locale":"en_US","og_type":"article","og_title":"3D Show - Atelie Grupa Taneczna","og_description":"[vc_row css=&#8221;.vc_custom_1499903995366{margin-top: 0px !important;margin-right: 0px !important;margin-bottom: 0px !important;margin-left: 0px !important;padding-top: 0px !important;padding-right: 0px !important;padding-bottom: 0px !important;padding-left: 0px !important;}&#8221;][vc_column css=&#8221;.vc_custom_1499904065344{margin-bottom: 0px...","og_url":"https:\/\/www.ateliegrupa.pl\/en\/portfolio-gallery\/3d-show\/","og_site_name":"Atelie Grupa Taneczna","article_modified_time":"2019-07-04T09:09:14+00:00","og_image":[{"width":2000,"height":1333,"url":"https:\/\/www.ateliegrupa.pl\/wp-content\/uploads\/2019\/07\/3d-show-glowne-en.jpg","type":"image\/jpeg"}],"twitter_card":"summary","schema":{"@context":"https:\/\/schema.org","@graph":[{"@type":"WebSite","@id":"https:\/\/www.ateliegrupa.pl\/#website","url":"https:\/\/www.ateliegrupa.pl\/","name":"Atelie Grupa Taneczna","description":"Z najwi\u0119ksz\u0105 przyjemno\u015bci\u0105 prezentujemy Pa\u0144stwu Grup\u0119 Taneczno-Akrobatyczn\u0105 ATELIE.","potentialAction":[{"@type":"SearchAction","target":{"@type":"EntryPoint","urlTemplate":"https:\/\/www.ateliegrupa.pl\/?s={search_term_string}"},"query-input":"required name=search_term_string"}],"inLanguage":"en-US"},{"@type":"ImageObject","@id":"https:\/\/www.ateliegrupa.pl\/en\/portfolio-gallery\/3d-show\/#primaryimage","inLanguage":"en-US","url":"https:\/\/www.ateliegrupa.pl\/wp-content\/uploads\/2019\/07\/3d-show-glowne-en.jpg","contentUrl":"https:\/\/www.ateliegrupa.pl\/wp-content\/uploads\/2019\/07\/3d-show-glowne-en.jpg","width":2000,"height":1333},{"@type":"WebPage","@id":"https:\/\/www.ateliegrupa.pl\/en\/portfolio-gallery\/3d-show\/#webpage","url":"https:\/\/www.ateliegrupa.pl\/en\/portfolio-gallery\/3d-show\/","name":"3D Show - Atelie Grupa Taneczna","isPartOf":{"@id":"https:\/\/www.ateliegrupa.pl\/#website"},"primaryImageOfPage":{"@id":"https:\/\/www.ateliegrupa.pl\/en\/portfolio-gallery\/3d-show\/#primaryimage"},"datePublished":"2018-04-19T18:04:05+00:00","dateModified":"2019-07-04T09:09:14+00:00","breadcrumb":{"@id":"https:\/\/www.ateliegrupa.pl\/en\/portfolio-gallery\/3d-show\/#breadcrumb"},"inLanguage":"en-US","potentialAction":[{"@type":"ReadAction","target":["https:\/\/www.ateliegrupa.pl\/en\/portfolio-gallery\/3d-show\/"]}]},{"@type":"BreadcrumbList","@id":"https:\/\/www.ateliegrupa.pl\/en\/portfolio-gallery\/3d-show\/#breadcrumb","itemListElement":[{"@type":"ListItem","position":1,"name":"Strona g\u0142\u00f3wna","item":"https:\/\/www.ateliegrupa.pl\/en\/"},{"@type":"ListItem","position":2,"name":"Portfolio Gallery","item":"https:\/\/www.ateliegrupa.pl\/en\/portfolio-gallery\/"},{"@type":"ListItem","position":3,"name":"3D Show"}]}]}},"_links":{"self":[{"href":"https:\/\/www.ateliegrupa.pl\/en\/wp-json\/wp\/v2\/pages\/30589"}],"collection":[{"href":"https:\/\/www.ateliegrupa.pl\/en\/wp-json\/wp\/v2\/pages"}],"about":[{"href":"https:\/\/www.ateliegrupa.pl\/en\/wp-json\/wp\/v2\/types\/page"}],"author":[{"embeddable":true,"href":"https:\/\/www.ateliegrupa.pl\/en\/wp-json\/wp\/v2\/users\/1"}],"replies":[{"embeddable":true,"href":"https:\/\/www.ateliegrupa.pl\/en\/wp-json\/wp\/v2\/comments?post=30589"}],"version-history":[{"count":2,"href":"https:\/\/www.ateliegrupa.pl\/en\/wp-json\/wp\/v2\/pages\/30589\/revisions"}],"predecessor-version":[{"id":30834,"href":"https:\/\/www.ateliegrupa.pl\/en\/wp-json\/wp\/v2\/pages\/30589\/revisions\/30834"}],"up":[{"embeddable":true,"href":"https:\/\/www.ateliegrupa.pl\/en\/wp-json\/wp\/v2\/pages\/30587"}],"wp:featuredmedia":[{"embeddable":true,"href":"https:\/\/www.ateliegrupa.pl\/en\/wp-json\/wp\/v2\/media\/30727"}],"wp:attachment":[{"href":"https:\/\/www.ateliegrupa.pl\/en\/wp-json\/wp\/v2\/media?parent=30589"}],"curies":[{"name":"wp","href":"https:\/\/api.w.org\/{rel}","templated":true}]}}