{"id":30583,"date":"2018-04-19T19:56:43","date_gmt":"2018-04-19T17:56:43","guid":{"rendered":"https:\/\/www.ateliegrupa.pl\/?page_id=30583"},"modified":"2023-01-10T13:22:08","modified_gmt":"2023-01-10T12:22:08","slug":"contact","status":"publish","type":"page","link":"https:\/\/www.ateliegrupa.pl\/en\/contact\/","title":{"rendered":"Contact"},"content":{"rendered":"<p>[vc_row css=&#8221;.vc_custom_1496276462609{margin-bottom: 0px !important;}&#8221;][vc_column css=&#8221;.vc_custom_1472040471074{margin-bottom: 0px !important;padding-bottom: 0px !important;}&#8221;]<div id=\"fullwidth-block-69e22caa64cec\" class=\"fullwidth-block clearfix\"  style=\"padding-top: 70px;padding-bottom: 100px;\"><script type=\"text\/javascript\">if (typeof(gem_fix_fullwidth_position) == \"function\") { gem_fix_fullwidth_position(document.getElementById(\"fullwidth-block-69e22caa64cec\")); }<\/script><div class=\"fullwidth-block-background\" style=\"background-image: url(https:\/\/www.ateliegrupa.pl\/wp-content\/uploads\/2017\/06\/background-kontakt.jpg);background-repeat: no-repeat; background-size: cover;background-position: center top;\"><\/div><div class=\"fullwidth-block-inner\"><div class=\"container\">[vc_row_inner css=&#8221;.vc_custom_1472040430171{margin-bottom: 0px !important;padding-bottom: 0px !important;}&#8221;][vc_column_inner width=&#8221;2\/3&#8243;][\/vc_column_inner][vc_column_inner width=&#8221;1\/4&#8243;][vc_column_text]<\/p>\n<h1>The Fantastic Four<\/h1>\n<p>[\/vc_column_text]<div class=\"clearboth\"><\/div><div class=\"gem-divider \" style=\"margin-top: 30px;\"><\/div>[vc_separator color=&#8221;custom&#8221; align=&#8221;align_left&#8221; border_width=&#8221;2&#8243; el_width=&#8221;20&#8243; accent_color=&#8221;#ff8282&#8243;]<div class=\"clearboth\"><\/div><div class=\"gem-divider \" style=\"margin-top: 47px;\"><\/div>[vc_column_text]James Bond was a single agent.<br \/>\nBonnie and Clyde were a duo.<br \/>\nThere were three Musketeers.<\/p>\n<p>However, &#8220;Fantastic Four&#8221; &#8211; it&#8217;s a concrete![\/vc_column_text][\/vc_column_inner][\/vc_row_inner]<\/div><\/div><\/div>[\/vc_column][\/vc_row][vc_row full_width=&#8221;stretch_row_content&#8221; equal_height=&#8221;yes&#8221; css=&#8221;.vc_custom_1502408571923{margin-bottom: 0px !important;padding-top: 10px !important;background-color: #222222 !important;background-position: center !important;background-repeat: no-repeat !important;background-size: cover !important;}&#8221;][vc_column width=&#8221;1\/4&#8243; css=&#8221;.vc_custom_1502187813488{padding-top: 0px !important;padding-right: 0px !important;padding-bottom: 0px !important;padding-left: 0px !important;background-color: #ffffff !important;}&#8221;]<div class=\"gem-textbox\" ><div class=\"gem-textbox-picture centered-box\"><img src=\"https:\/\/www.ateliegrupa.pl\/wp-content\/uploads\/2017\/06\/dagmara-marzynska-malecka.jpg\" alt=\"#\" class=\"img-responsive\" \/><\/div><div class=\"gem-textbox-inner gem-textbox-after-image\" style=\"\"><div class=\"gem-textbox-content\" style=\"color: #1e1e1e;background-color: #ffffff;background-position: center top;\"><div class=\"clearboth\"><\/div><div class=\"gem-divider \" style=\"margin-top: 30px;\"><\/div>[vc_column_text]<\/p>\n<div class=\"title-h5\" style=\"text-align: center;\"><span style=\"color: #ff8282;\"> Dagmara<br \/>\nMarzy\u0144ska-Malecka<\/span><\/div>\n<p>[\/vc_column_text][vc_column_text css=&#8221;.vc_custom_1524160421198{margin-top: -10px !important;}&#8221;]<\/p>\n<p style=\"text-align: center;\">general manager &#8211; artistic director<\/p>\n<p>[\/vc_column_text]<div class=\"clearboth\"><\/div><div class=\"gem-divider \" style=\"margin-top: 30px;\"><\/div>[vc_column_text css=&#8221;.vc_custom_1501063386653{padding-right: 21px !important;padding-left: 21px !important;}&#8221;]<\/p>\n<p style=\"text-align: center;\">Tel.: <a href=\"tel:+48506057907\">(+48) 506-057-907<\/a><br \/>\n<a href=\"mailto:dagmara@ateliegrupa.pl\">dagmara@ateliegrupa.pl<\/a><\/p>\n<p>[\/vc_column_text]<div class=\"clearboth\"><\/div><div class=\"gem-divider \" style=\"margin-top: 40px;\"><\/div><\/div><\/div><\/div>[\/vc_column][vc_column width=&#8221;1\/4&#8243; css=&#8221;.vc_custom_1502187819584{padding-top: 0px !important;padding-right: 0px !important;padding-bottom: 0px !important;padding-left: 0px !important;background-color: #1e1e1e !important;}&#8221;]<div class=\"gem-textbox\" ><div class=\"gem-textbox-picture centered-box\"><img src=\"https:\/\/www.ateliegrupa.pl\/wp-content\/uploads\/2023\/01\/katarzyna-tomczykiewicz.jpg\" alt=\"#\" class=\"img-responsive\" \/><\/div><div class=\"gem-textbox-inner gem-textbox-after-image\" style=\"\"><div class=\"gem-textbox-content\" style=\"background-color: #1e1e1e;background-position: center top;\"><div class=\"clearboth\"><\/div><div class=\"gem-divider \" style=\"margin-top: 30px;\"><\/div>[vc_column_text]<\/p>\n<div class=\"title-h5\" style=\"text-align: center;\"><span style=\"color: #ff8282;\">Katarzyna<br \/>\nTomczykiewicz<br \/>\n<\/span><\/div>\n<p>[\/vc_column_text][vc_column_text css=&#8221;.vc_custom_1639403454820{margin-top: -10px !important;}&#8221;]<\/p>\n<p style=\"text-align: center;\">junior event manager<\/p>\n<p>[\/vc_column_text]<div class=\"clearboth\"><\/div><div class=\"gem-divider \" style=\"margin-top: 30px;\"><\/div>[vc_column_text css=&#8221;.vc_custom_1501063411289{padding-right: 21px !important;padding-left: 21px !important;}&#8221;]<\/p>\n<p style=\"text-align: center;\">Tel.: <a href=\"tel:+48531525080\">(+48) 531-525-080<\/a><br \/>\n<a href=\"mailto:marketing@ateliegrupa.pl\">marketing@ateliegrupa.pl<\/a><\/p>\n<p>[\/vc_column_text]<div class=\"clearboth\"><\/div><div class=\"gem-divider \" style=\"margin-top: 40px;\"><\/div><\/div><\/div><\/div>[\/vc_column][vc_column width=&#8221;1\/4&#8243; css=&#8221;.vc_custom_1502187826587{padding-top: 0px !important;padding-right: 0px !important;padding-bottom: 0px !important;padding-left: 0px !important;background-color: #ffffff !important;}&#8221;]<div class=\"gem-textbox\" ><div class=\"gem-textbox-picture centered-box\"><img src=\"https:\/\/www.ateliegrupa.pl\/wp-content\/uploads\/2017\/06\/natalia-laszczuk.jpg\" alt=\"#\" class=\"img-responsive\" \/><\/div><div class=\"gem-textbox-inner gem-textbox-after-image\" style=\"\"><div class=\"gem-textbox-content\" style=\"color: #1e1e1e;background-color: #ffffff;background-position: center top;\"><div class=\"clearboth\"><\/div><div class=\"gem-divider \" style=\"margin-top: 30px;\"><\/div>[vc_column_text]<\/p>\n<div class=\"title-h5\" style=\"text-align: center;\"><span style=\"color: #ff8282;\"> Natalia<br \/>\n\u0141aszczuk<\/span><\/div>\n<p>[\/vc_column_text][vc_column_text css=&#8221;.vc_custom_1522409023791{margin-top: -10px !important;}&#8221;]<\/p>\n<p style=\"text-align: center;\">marketing &amp; project manager<\/p>\n<p>[\/vc_column_text]<div class=\"clearboth\"><\/div><div class=\"gem-divider \" style=\"margin-top: 30px;\"><\/div>[vc_column_text css=&#8221;.vc_custom_1501063394397{padding-right: 21px !important;padding-left: 21px !important;}&#8221;]<\/p>\n<p style=\"text-align: center;\">Tel: <a href=\"tel:+48570585545\">(+48) 570-585-545<\/a><br \/>\n<a href=\"mailto:natalia@ateliegrupa.pl\">natalia@ateliegrupa.pl<\/a><\/p>\n<p>[\/vc_column_text]<div class=\"clearboth\"><\/div><div class=\"gem-divider \" style=\"margin-top: 40px;\"><\/div><\/div><\/div><\/div>[\/vc_column][vc_column width=&#8221;1\/4&#8243; css=&#8221;.vc_custom_1502187833035{padding-top: 0px !important;padding-right: 0px !important;padding-bottom: 0px !important;padding-left: 0px !important;background-color: #1e1e1e !important;}&#8221;]<div class=\"gem-textbox\" ><div class=\"gem-textbox-picture centered-box\"><img src=\"https:\/\/www.ateliegrupa.pl\/wp-content\/uploads\/2023\/01\/dominika-dana.jpg\" alt=\"#\" class=\"img-responsive\" \/><\/div><div class=\"gem-textbox-inner gem-textbox-after-image\" style=\"\"><div class=\"gem-textbox-content\" style=\"background-color: #1e1e1e;background-position: center top;\"><div class=\"clearboth\"><\/div><div class=\"gem-divider \" style=\"margin-top: 30px;\"><\/div>[vc_column_text]<\/p>\n<div class=\"title-h5\" style=\"text-align: center;\"><span style=\"color: #ff8282;\">Dominika<br \/>\nDana<\/span><\/div>\n<p>[\/vc_column_text][vc_column_text css=&#8221;.vc_custom_1501063891825{margin-top: -10px !important;}&#8221;]<\/p>\n<p style=\"text-align: center;\">office manager<\/p>\n<p>[\/vc_column_text]<div class=\"clearboth\"><\/div><div class=\"gem-divider \" style=\"margin-top: 30px;\"><\/div>[vc_column_text css=&#8221;.vc_custom_1501063435667{padding-right: 21px !important;padding-left: 21px !important;}&#8221;]<\/p>\n<p style=\"text-align: center;\">Tel.: <a href=\"tel:+48503014713\">(+48) 503-014-713<\/a><br \/>\n<a href=\"mailto:magda@ateliegrupa.pl\">magda@ateliegrupa.pl<\/a><\/p>\n<p>[\/vc_column_text]<div class=\"clearboth\"><\/div><div class=\"gem-divider \" style=\"margin-top: 40px;\"><\/div><\/div><\/div><\/div>[\/vc_column][\/vc_row][vc_row full_width=&#8221;stretch_row_content&#8221; equal_height=&#8221;yes&#8221; css=&#8221;.vc_custom_1465472371197{margin-bottom: 0px !important;}&#8221;][vc_column width=&#8221;1\/2&#8243; css=&#8221;.vc_custom_1465826486402{padding-right: 30px !important;padding-left: 65px !important;background-color: #262626 !important;}&#8221; offset=&#8221;vc_col-lg-3 vc_col-md-6&#8243;]<div class=\"clearboth\"><\/div><div class=\"gem-divider \" style=\"margin-top: 55px;\"><\/div><div class=\"gem-image gem-wrapbox gem-wrapbox-style-default gem-wrapbox-position-left\" style=\"\"><div class=\"gem-wrapbox-inner \" ><img class=\"gem-wrapbox-element img-responsive\" src=\"https:\/\/www.ateliegrupa.pl\/wp-content\/uploads\/2017\/05\/atelie-logo.png\" alt=\"\"\/><\/div><\/div><div class=\"clearboth\"><\/div><div class=\"gem-divider \" style=\"margin-top: 30px;\"><\/div>[vc_column_text]The Atelie Dance Group provides extraordinary entertainment for your guests. Check out our dance and acrobatic shows.[\/vc_column_text]<div class=\"clearboth\"><\/div><div class=\"gem-divider \" style=\"margin-top: 50px;\"><\/div>[\/vc_column][vc_column width=&#8221;1\/2&#8243; css=&#8221;.vc_custom_1499210079447{background-color: #ffffff !important;}&#8221; offset=&#8221;vc_col-lg-3 vc_col-md-6&#8243;]<div class=\"gem-icon-with-text gem-icon-with-text-icon-size-small gem-icon-with-text-float-right gem-icon-with-text-flow\"><div style=\"margin-bottom:0px;margin-top:0px; \" class=\"gem-icon-with-text-icon\"><div class=\"gem-icon gem-icon-pack-material gem-icon-size-small  gem-icon-shape-square\" style=\"border-color: #262626;opacity: 1;\"><div class=\"gem-icon-inner\" style=\"\">\r\n\t\t<span class=\"gem-icon-half-1\" style=\"color: #262626;\"><span class=\"back-angle\">&#xf3e4;<\/span><\/span>\r\n\t\t<span class=\"gem-icon-half-2\" style=\"color: #262626;\"><span class=\"back-angle\">&#xf3e4;<\/span><\/span><\/div><\/div><\/div><div class=\"gem-icon-with-text-content\" ><div class=\"gem-icon-with-text-text\"><\/div><\/div><div class=\"clearboth\"><\/div><\/div><div class=\"clearboth\"><\/div><div class=\"gem-divider \" style=\"margin-top: 110px;\"><\/div>[vc_column_text css=&#8221;.vc_custom_1524160502295{padding-left: 35px !important;}&#8221;]<span class=\"title-h4\" style=\"color: #222222;\">Address<\/span>[\/vc_column_text][vc_column_text css=&#8221;.vc_custom_1673352798962{margin-top: -5px !important;padding-left: 35px !important;}&#8221;]<span style=\"color: #222222;\">30-201 Cracow, Emaus 7\/6<\/span><\/p>\n<p><a href=\"mailto:kontakt@ateliegrupa.pl\">kontakt@ateliegrupa.pl<\/a>[\/vc_column_text]<div class=\"clearboth\"><\/div><div class=\"gem-divider \" style=\"margin-top: 75px;\"><\/div>[\/vc_column][vc_column width=&#8221;1\/2&#8243; css=&#8221;.vc_custom_1499210092816{background-color: #f9f9f9 !important;}&#8221; offset=&#8221;vc_col-lg-3 vc_col-md-6&#8243;]<div class=\"gem-icon-with-text gem-icon-with-text-icon-size-small gem-icon-with-text-float-right gem-icon-with-text-flow\"><div style=\"margin-bottom:0px;margin-top:0px; \" class=\"gem-icon-with-text-icon\"><div class=\"gem-icon gem-icon-pack-material gem-icon-size-small  gem-icon-shape-square\" style=\"border-color: #262626;opacity: 1;\"><div class=\"gem-icon-inner\" style=\"\">\r\n\t\t<span class=\"gem-icon-half-1\" style=\"color: #262626;\"><span class=\"back-angle\">&#xf477;<\/span><\/span>\r\n\t\t<span class=\"gem-icon-half-2\" style=\"color: #262626;\"><span class=\"back-angle\">&#xf477;<\/span><\/span><\/div><\/div><\/div><div class=\"gem-icon-with-text-content\" ><div class=\"gem-icon-with-text-text\"><\/div><\/div><div class=\"clearboth\"><\/div><\/div><div class=\"clearboth\"><\/div><div class=\"gem-divider \" style=\"margin-top: 110px;\"><\/div>[vc_column_text css=&#8221;.vc_custom_1524160530511{padding-left: 35px !important;}&#8221;]<span class=\"title-h4\" style=\"color: #222222;\">Phone<\/span>[\/vc_column_text][vc_column_text css=&#8221;.vc_custom_1639392171644{margin-top: -5px !important;padding-left: 35px !important;}&#8221;]<span style=\"color: #222222;\">Office: (+48) 503-014-713<\/span><br \/>\n<span style=\"color: #222222;\">Marketing: (+48) 506-057-907<\/span>[\/vc_column_text]<div class=\"clearboth\"><\/div><div class=\"gem-divider \" style=\"margin-top: 75px;\"><\/div>[\/vc_column][vc_column width=&#8221;1\/2&#8243; css=&#8221;.vc_custom_1499210104564{background-color: #eaeaea !important;}&#8221; offset=&#8221;vc_col-lg-3 vc_col-md-6&#8243;]<div class=\"gem-icon-with-text gem-icon-with-text-icon-size-small gem-icon-with-text-float-right gem-icon-with-text-flow\"><div style=\"margin-bottom:0px;margin-top:0px; \" class=\"gem-icon-with-text-icon\"><div class=\"gem-icon gem-icon-pack-material gem-icon-size-small  gem-icon-shape-square\" style=\"border-color: #262626;opacity: 1;\"><div class=\"gem-icon-inner\" style=\"\">\r\n\t\t<span class=\"gem-icon-half-1\" style=\"color: #262626;\"><span class=\"back-angle\">&#xf1fe;<\/span><\/span>\r\n\t\t<span class=\"gem-icon-half-2\" style=\"color: #262626;\"><span class=\"back-angle\">&#xf1fe;<\/span><\/span><\/div><\/div><\/div><div class=\"gem-icon-with-text-content\" ><div class=\"gem-icon-with-text-text\"><\/div><\/div><div class=\"clearboth\"><\/div><\/div><div class=\"clearboth\"><\/div><div class=\"gem-divider \" style=\"margin-top: 110px;\"><\/div>[vc_column_text css=&#8221;.vc_custom_1524160547989{padding-left: 35px !important;}&#8221;]<span class=\"title-h4\" style=\"color: #222222;\">Motto<\/span>[\/vc_column_text][vc_column_text css=&#8221;.vc_custom_1524160669843{margin-top: -5px !important;padding-left: 35px !important;}&#8221;]<span style=\"color: #222222;\">The Ministry of Entertainment warns &#8211; Lack of cooperation with the Atelie dance group seriously threatens the success of your event!<\/span>[\/vc_column_text]<div class=\"clearboth\"><\/div><div class=\"gem-divider \" style=\"margin-top: 75px;\"><\/div>[\/vc_column][\/vc_row][vc_row full_width=&#8221;stretch_row_content_no_spaces&#8221; css=&#8221;.vc_custom_1496277951786{margin-bottom: 0px !important;background-color: #222222 !important;background-position: center !important;background-repeat: no-repeat !important;background-size: cover !important;}&#8221;][vc_column css=&#8221;.vc_custom_1496277909900{padding: 0px !important;}&#8221;][vc_raw_html]JTNDaWZyYW1lJTIwc3JjJTNEJTIyaHR0cHMlM0ElMkYlMkZ3d3cuZ29vZ2xlLmNvbSUyRm1hcHMlMkZlbWJlZCUzRnBiJTNEJTIxMW0xOCUyMTFtMTIlMjExbTMlMjExZDI1NjEuNzQxOTA2MDYwNjYyNiUyMTJkMTkuOTEyMTgyNDE2MTQ3ODgyJTIxM2Q1MC4wNTM2NjU5Nzk0MjI1OCUyMTJtMyUyMTFmMCUyMTJmMCUyMTNmMCUyMTNtMiUyMTFpMTAyNCUyMTJpNzY4JTIxNGYxMy4xJTIxM20zJTIxMW0yJTIxMXMweDQ3MTY1YjlkOTQ4ODU0N2QlMjUzQTB4ZDhhNDQ2OWY0NTFmZTA4MiUyMTJzRW1hdXMlMjUyMDclMjUyQyUyNTIwMzAtMjAxJTI1MjBLcmFrJTI1QzMlMjVCM3clMjE1ZTAlMjEzbTIlMjExc3BsJTIxMnNwbCUyMTR2MTY3MzM1MzI2NDM1NyUyMTVtMiUyMTFzcGwlMjEyc3BsJTIyJTIwd2lkdGglM0QlMjIxMDAlMjUlMjIlMjBoZWlnaHQlM0QlMjI1MDglMjIlMjBzdHlsZSUzRCUyMmJvcmRlciUzQTAlM0IlMjIlMjBhbGxvd2Z1bGxzY3JlZW4lM0QlMjIlMjIlMjBsb2FkaW5nJTNEJTIybGF6eSUyMiUzRSUzQyUyRmlmcmFtZSUzRQ==[\/vc_raw_html][\/vc_column][\/vc_row]<\/p>\n","protected":false},"excerpt":{"rendered":"<p>[vc_row css=&#8221;.vc_custom_1496276462609{margin-bottom: 0px !important;}&#8221;][vc_column css=&#8221;.vc_custom_1472040471074{margin-bottom: 0px !important;padding-bottom: 0px !important;}&#8221;][\/vc_column][\/vc_row][vc_row full_width=&#8221;stretch_row_content&#8221; equal_height=&#8221;yes&#8221; css=&#8221;.vc_custom_1502408571923{margin-bottom: 0px !important;padding-top: 10px !important;background-color: #222222 !important;background-position: center !important;background-repeat:&#8230;<\/p>\n","protected":false},"author":1,"featured_media":0,"parent":0,"menu_order":0,"comment_status":"closed","ping_status":"closed","template":"","meta":{"_mi_skip_tracking":false,"_exactmetrics_sitenote_active":false,"_exactmetrics_sitenote_note":"","_exactmetrics_sitenote_category":0},"yoast_head":"<!-- This site is optimized with the Yoast SEO plugin v17.7.1 - https:\/\/yoast.com\/wordpress\/plugins\/seo\/ -->\n<title>Contact Us - Dance Group Atelie<\/title>\n<meta name=\"description\" content=\"The Atelie Dance Group provides extraordinary entertainment for your guests. Check out our dance and acrobatic shows.\" \/>\n<meta name=\"robots\" content=\"index, follow, max-snippet:-1, max-image-preview:large, max-video-preview:-1\" \/>\n<link rel=\"canonical\" href=\"https:\/\/www.ateliegrupa.pl\/en\/contact\/\" \/>\n<meta property=\"og:locale\" content=\"en_US\" \/>\n<meta property=\"og:type\" content=\"article\" \/>\n<meta property=\"og:title\" content=\"Contact Us - Dance Group Atelie\" \/>\n<meta property=\"og:description\" content=\"The Atelie Dance Group provides extraordinary entertainment for your guests. Check out our dance and acrobatic shows.\" \/>\n<meta property=\"og:url\" content=\"https:\/\/www.ateliegrupa.pl\/en\/contact\/\" \/>\n<meta property=\"og:site_name\" content=\"Atelie Grupa Taneczna\" \/>\n<meta property=\"article:modified_time\" content=\"2023-01-10T12:22:08+00:00\" \/>\n<meta name=\"twitter:card\" content=\"summary\" \/>\n<meta name=\"twitter:label1\" content=\"Est. reading time\" \/>\n\t<meta name=\"twitter:data1\" content=\"2 minutes\" \/>\n<script type=\"application\/ld+json\" class=\"yoast-schema-graph\">{\"@context\":\"https:\/\/schema.org\",\"@graph\":[{\"@type\":\"WebSite\",\"@id\":\"https:\/\/www.ateliegrupa.pl\/#website\",\"url\":\"https:\/\/www.ateliegrupa.pl\/\",\"name\":\"Atelie Grupa Taneczna\",\"description\":\"Z najwi\\u0119ksz\\u0105 przyjemno\\u015bci\\u0105 prezentujemy Pa\\u0144stwu Grup\\u0119 Taneczno-Akrobatyczn\\u0105 ATELIE.\",\"potentialAction\":[{\"@type\":\"SearchAction\",\"target\":{\"@type\":\"EntryPoint\",\"urlTemplate\":\"https:\/\/www.ateliegrupa.pl\/?s={search_term_string}\"},\"query-input\":\"required name=search_term_string\"}],\"inLanguage\":\"en-US\"},{\"@type\":\"WebPage\",\"@id\":\"https:\/\/www.ateliegrupa.pl\/en\/contact\/#webpage\",\"url\":\"https:\/\/www.ateliegrupa.pl\/en\/contact\/\",\"name\":\"Contact Us - Dance Group Atelie\",\"isPartOf\":{\"@id\":\"https:\/\/www.ateliegrupa.pl\/#website\"},\"datePublished\":\"2018-04-19T17:56:43+00:00\",\"dateModified\":\"2023-01-10T12:22:08+00:00\",\"description\":\"The Atelie Dance Group provides extraordinary entertainment for your guests. Check out our dance and acrobatic shows.\",\"breadcrumb\":{\"@id\":\"https:\/\/www.ateliegrupa.pl\/en\/contact\/#breadcrumb\"},\"inLanguage\":\"en-US\",\"potentialAction\":[{\"@type\":\"ReadAction\",\"target\":[\"https:\/\/www.ateliegrupa.pl\/en\/contact\/\"]}]},{\"@type\":\"BreadcrumbList\",\"@id\":\"https:\/\/www.ateliegrupa.pl\/en\/contact\/#breadcrumb\",\"itemListElement\":[{\"@type\":\"ListItem\",\"position\":1,\"name\":\"Strona g\\u0142\\u00f3wna\",\"item\":\"https:\/\/www.ateliegrupa.pl\/en\/\"},{\"@type\":\"ListItem\",\"position\":2,\"name\":\"Contact\"}]}]}<\/script>\n<!-- \/ Yoast SEO plugin. -->","yoast_head_json":{"title":"Contact Us - Dance Group Atelie","description":"The Atelie Dance Group provides extraordinary entertainment for your guests. Check out our dance and acrobatic shows.","robots":{"index":"index","follow":"follow","max-snippet":"max-snippet:-1","max-image-preview":"max-image-preview:large","max-video-preview":"max-video-preview:-1"},"canonical":"https:\/\/www.ateliegrupa.pl\/en\/contact\/","og_locale":"en_US","og_type":"article","og_title":"Contact Us - Dance Group Atelie","og_description":"The Atelie Dance Group provides extraordinary entertainment for your guests. Check out our dance and acrobatic shows.","og_url":"https:\/\/www.ateliegrupa.pl\/en\/contact\/","og_site_name":"Atelie Grupa Taneczna","article_modified_time":"2023-01-10T12:22:08+00:00","twitter_card":"summary","twitter_misc":{"Est. reading time":"2 minutes"},"schema":{"@context":"https:\/\/schema.org","@graph":[{"@type":"WebSite","@id":"https:\/\/www.ateliegrupa.pl\/#website","url":"https:\/\/www.ateliegrupa.pl\/","name":"Atelie Grupa Taneczna","description":"Z najwi\u0119ksz\u0105 przyjemno\u015bci\u0105 prezentujemy Pa\u0144stwu Grup\u0119 Taneczno-Akrobatyczn\u0105 ATELIE.","potentialAction":[{"@type":"SearchAction","target":{"@type":"EntryPoint","urlTemplate":"https:\/\/www.ateliegrupa.pl\/?s={search_term_string}"},"query-input":"required name=search_term_string"}],"inLanguage":"en-US"},{"@type":"WebPage","@id":"https:\/\/www.ateliegrupa.pl\/en\/contact\/#webpage","url":"https:\/\/www.ateliegrupa.pl\/en\/contact\/","name":"Contact Us - Dance Group Atelie","isPartOf":{"@id":"https:\/\/www.ateliegrupa.pl\/#website"},"datePublished":"2018-04-19T17:56:43+00:00","dateModified":"2023-01-10T12:22:08+00:00","description":"The Atelie Dance Group provides extraordinary entertainment for your guests. Check out our dance and acrobatic shows.","breadcrumb":{"@id":"https:\/\/www.ateliegrupa.pl\/en\/contact\/#breadcrumb"},"inLanguage":"en-US","potentialAction":[{"@type":"ReadAction","target":["https:\/\/www.ateliegrupa.pl\/en\/contact\/"]}]},{"@type":"BreadcrumbList","@id":"https:\/\/www.ateliegrupa.pl\/en\/contact\/#breadcrumb","itemListElement":[{"@type":"ListItem","position":1,"name":"Strona g\u0142\u00f3wna","item":"https:\/\/www.ateliegrupa.pl\/en\/"},{"@type":"ListItem","position":2,"name":"Contact"}]}]}},"_links":{"self":[{"href":"https:\/\/www.ateliegrupa.pl\/en\/wp-json\/wp\/v2\/pages\/30583"}],"collection":[{"href":"https:\/\/www.ateliegrupa.pl\/en\/wp-json\/wp\/v2\/pages"}],"about":[{"href":"https:\/\/www.ateliegrupa.pl\/en\/wp-json\/wp\/v2\/types\/page"}],"author":[{"embeddable":true,"href":"https:\/\/www.ateliegrupa.pl\/en\/wp-json\/wp\/v2\/users\/1"}],"replies":[{"embeddable":true,"href":"https:\/\/www.ateliegrupa.pl\/en\/wp-json\/wp\/v2\/comments?post=30583"}],"version-history":[{"count":14,"href":"https:\/\/www.ateliegrupa.pl\/en\/wp-json\/wp\/v2\/pages\/30583\/revisions"}],"predecessor-version":[{"id":32863,"href":"https:\/\/www.ateliegrupa.pl\/en\/wp-json\/wp\/v2\/pages\/30583\/revisions\/32863"}],"wp:attachment":[{"href":"https:\/\/www.ateliegrupa.pl\/en\/wp-json\/wp\/v2\/media?parent=30583"}],"curies":[{"name":"wp","href":"https:\/\/api.w.org\/{rel}","templated":true}]}}