{"id":30576,"date":"2018-04-19T19:46:07","date_gmt":"2018-04-19T17:46:07","guid":{"rendered":"https:\/\/www.ateliegrupa.pl\/?page_id=30576"},"modified":"2018-04-26T18:08:42","modified_gmt":"2018-04-26T16:08:42","slug":"hostesses-and-taxi-dancers","status":"publish","type":"page","link":"https:\/\/www.ateliegrupa.pl\/en\/hostesses-and-taxi-dancers\/","title":{"rendered":"Hostesses and Taxi-dancers"},"content":{"rendered":"<p>[vc_row][vc_column css=&#8221;.vc_custom_1472040471074{margin-bottom: 0px !important;padding-bottom: 0px !important;}&#8221;]<div id=\"fullwidth-block-69e2424d60c46\" class=\"fullwidth-block clearfix\"  style=\"padding-top: 70px;padding-bottom: 160px;\"><script type=\"text\/javascript\">if (typeof(gem_fix_fullwidth_position) == \"function\") { gem_fix_fullwidth_position(document.getElementById(\"fullwidth-block-69e2424d60c46\")); }<\/script><div class=\"fullwidth-block-background\" style=\"background-image: url(https:\/\/www.ateliegrupa.pl\/wp-content\/uploads\/2016\/08\/background-hostessy.jpg);background-repeat: no-repeat; background-size: cover;background-position: center top;\"><\/div><div class=\"fullwidth-block-inner\"><div class=\"container\">[vc_row_inner css=&#8221;.vc_custom_1472040430171{margin-bottom: 0px !important;padding-bottom: 0px !important;}&#8221;][vc_column_inner width=&#8221;1\/2&#8243;][vc_column_text]<\/p>\n<h1>Hostesses and Taxi-dancers<\/h1>\n<p>[\/vc_column_text]<div class=\"clearboth\"><\/div><div class=\"gem-divider \" style=\"margin-top: 30px;\"><\/div>[vc_separator color=&#8221;custom&#8221; align=&#8221;align_left&#8221; border_width=&#8221;2&#8243; el_width=&#8221;20&#8243; accent_color=&#8221;#ff8282&#8243;]<div class=\"clearboth\"><\/div><div class=\"gem-divider \" style=\"margin-top: 47px;\"><\/div>[vc_column_text]Our hostesses can play any required role. They will greet and welcome all the guests with a beautiful smile and throughout the whole evening, they will be very attractive and brilliant assistants of the announcer.[\/vc_column_text][vc_column_text]The role of taxi-dancers is to properly start-up each event and make it unforgettable for all your guests. Women who work with us are uniquely beautiful, intelligent and eloquent. As soon as they appear on the dance floor, the atmosphere immediately becomes feverous and the party lasts until early morning. The taxi-dancers are great at their profession and even the gloomiest participant in the party will enjoy and have fun!<\/p>\n<p>If you want to receive a full offer, please contact:\u00a0<a href=\"mailto:biuro@ateliegrupa.pl?subject=Zapytanie%20ze%20strony\" target=\"_blank\" rel=\"noopener\">biuro@ateliegrupa.pl<\/a>[\/vc_column_text]<div class=\"clearboth\"><\/div><div class=\"gem-divider \" style=\"margin-top: 40px;\"><\/div>[\/vc_column_inner][vc_column_inner width=&#8221;1\/2&#8243;][\/vc_column_inner][\/vc_row_inner]<\/div><\/div><\/div>[\/vc_column][\/vc_row][vc_row disable_element=&#8221;yes&#8221;][vc_column css=&#8221;.vc_custom_1472040471074{margin-bottom: 0px !important;padding-bottom: 0px !important;}&#8221;]<div id=\"fullwidth-block-69e2424d60cc5\" class=\"fullwidth-block clearfix\"  style=\"background-color: #ffffff;padding-top: 70px;\"><script type=\"text\/javascript\">if (typeof(gem_fix_fullwidth_position) == \"function\") { gem_fix_fullwidth_position(document.getElementById(\"fullwidth-block-69e2424d60cc5\")); }<\/script><div class=\"fullwidth-block-inner\"><div class=\"container\">[vc_row_inner css=&#8221;.vc_custom_1472040430171{margin-bottom: 0px !important;padding-bottom: 0px !important;}&#8221;][vc_column_inner width=&#8221;1\/4&#8243;][\/vc_column_inner][vc_column_inner width=&#8221;2\/4&#8243;][vc_column_text]<\/p>\n<h2 style=\"color: #222222; text-align: center;\">Modele i modelki<\/h2>\n<p>[\/vc_column_text]<div class=\"clearboth\"><\/div><div class=\"gem-divider \" style=\"margin-top: 30px;\"><\/div>[vc_separator color=&#8221;custom&#8221; border_width=&#8221;2&#8243; el_width=&#8221;20&#8243; accent_color=&#8221;#ff8282&#8243;]<div class=\"clearboth\"><\/div><div class=\"gem-divider \" style=\"margin-top: 47px;\"><\/div>[vc_column_text]<\/p>\n<p style=\"color: #222; text-align: center;\">Nasz\u0105 ofert\u0119 tworz\u0105 tak\u017ce MODELE I MODELKI, kt\u00f3rzy u\u015bwietni\u0105 ka\u017cdy pokaz mody, gale czy bankiet. Wszystko zale\u017cy od Pa\u0144stwa potrzeb. Wsp\u00f3\u0142pracuj\u0105 z nami tylko profesjonalne i do\u015bwiadczone osoby, maj\u0105ce do\u015bwiadczenie na polskich i zagranicznych wybiegach. \u015awietnie wygl\u0105daj, s\u0105 kwintesencj\u0105 gracji i elegancji. Dzi\u0119ki nim ka\u017cda kolekcja ubra\u0144 b\u0119dzie prezentowa\u0142a si\u0119 w unikatowy spos\u00f3b.<\/p>\n<p>[\/vc_column_text]<div class=\"clearboth\"><\/div><div class=\"gem-divider \" style=\"margin-top: 80px;\"><\/div>[\/vc_column_inner][vc_column_inner width=&#8221;1\/4&#8243;][\/vc_column_inner][\/vc_row_inner][vc_single_image image=&#8221;28790&#8243; img_size=&#8221;full&#8221; alignment=&#8221;center&#8221; css=&#8221;.vc_custom_1494325603804{margin-top: 0px !important;margin-right: 0px !important;margin-bottom: 0px !important;margin-left: 0px !important;padding-top: 0px !important;padding-right: 0px !important;padding-bottom: 0px !important;padding-left: 0px !important;}&#8221;]<\/div><\/div><\/div>[\/vc_column][\/vc_row]<\/p>\n","protected":false},"excerpt":{"rendered":"<p>[vc_row][vc_column css=&#8221;.vc_custom_1472040471074{margin-bottom: 0px !important;padding-bottom: 0px !important;}&#8221;][\/vc_column][\/vc_row][vc_row disable_element=&#8221;yes&#8221;][vc_column css=&#8221;.vc_custom_1472040471074{margin-bottom: 0px !important;padding-bottom: 0px !important;}&#8221;][\/vc_column][\/vc_row]<\/p>\n","protected":false},"author":1,"featured_media":0,"parent":0,"menu_order":0,"comment_status":"closed","ping_status":"closed","template":"","meta":{"_mi_skip_tracking":false,"_exactmetrics_sitenote_active":false,"_exactmetrics_sitenote_note":"","_exactmetrics_sitenote_category":0},"yoast_head":"<!-- This site is optimized with the Yoast SEO plugin v17.7.1 - https:\/\/yoast.com\/wordpress\/plugins\/seo\/ -->\n<title>Hostesses and taxi-dancers - Dance Group Atelie<\/title>\n<meta name=\"description\" content=\"Our hostesses can play any required role. They will greet and welcome all the guests with a beautiful smile and throughout the whole evening, they will be very attractive and brilliant assistants of the announcer.\" \/>\n<meta name=\"robots\" content=\"index, follow, max-snippet:-1, max-image-preview:large, max-video-preview:-1\" \/>\n<link rel=\"canonical\" href=\"https:\/\/www.ateliegrupa.pl\/en\/hostesses-and-taxi-dancers\/\" \/>\n<meta property=\"og:locale\" content=\"en_US\" \/>\n<meta property=\"og:type\" content=\"article\" \/>\n<meta property=\"og:title\" content=\"Hostesses and taxi-dancers - Dance Group Atelie\" \/>\n<meta property=\"og:description\" content=\"Our hostesses can play any required role. They will greet and welcome all the guests with a beautiful smile and throughout the whole evening, they will be very attractive and brilliant assistants of the announcer.\" \/>\n<meta property=\"og:url\" content=\"https:\/\/www.ateliegrupa.pl\/en\/hostesses-and-taxi-dancers\/\" \/>\n<meta property=\"og:site_name\" content=\"Atelie Grupa Taneczna\" \/>\n<meta property=\"article:modified_time\" content=\"2018-04-26T16:08:42+00:00\" \/>\n<meta name=\"twitter:card\" content=\"summary\" \/>\n<meta name=\"twitter:label1\" content=\"Est. reading time\" \/>\n\t<meta name=\"twitter:data1\" content=\"2 minutes\" \/>\n<script type=\"application\/ld+json\" class=\"yoast-schema-graph\">{\"@context\":\"https:\/\/schema.org\",\"@graph\":[{\"@type\":\"WebSite\",\"@id\":\"https:\/\/www.ateliegrupa.pl\/#website\",\"url\":\"https:\/\/www.ateliegrupa.pl\/\",\"name\":\"Atelie Grupa Taneczna\",\"description\":\"Z najwi\\u0119ksz\\u0105 przyjemno\\u015bci\\u0105 prezentujemy Pa\\u0144stwu Grup\\u0119 Taneczno-Akrobatyczn\\u0105 ATELIE.\",\"potentialAction\":[{\"@type\":\"SearchAction\",\"target\":{\"@type\":\"EntryPoint\",\"urlTemplate\":\"https:\/\/www.ateliegrupa.pl\/?s={search_term_string}\"},\"query-input\":\"required name=search_term_string\"}],\"inLanguage\":\"en-US\"},{\"@type\":\"WebPage\",\"@id\":\"https:\/\/www.ateliegrupa.pl\/en\/hostesses-and-taxi-dancers\/#webpage\",\"url\":\"https:\/\/www.ateliegrupa.pl\/en\/hostesses-and-taxi-dancers\/\",\"name\":\"Hostesses and taxi-dancers - Dance Group Atelie\",\"isPartOf\":{\"@id\":\"https:\/\/www.ateliegrupa.pl\/#website\"},\"datePublished\":\"2018-04-19T17:46:07+00:00\",\"dateModified\":\"2018-04-26T16:08:42+00:00\",\"description\":\"Our hostesses can play any required role. They will greet and welcome all the guests with a beautiful smile and throughout the whole evening, they will be very attractive and brilliant assistants of the announcer.\",\"breadcrumb\":{\"@id\":\"https:\/\/www.ateliegrupa.pl\/en\/hostesses-and-taxi-dancers\/#breadcrumb\"},\"inLanguage\":\"en-US\",\"potentialAction\":[{\"@type\":\"ReadAction\",\"target\":[\"https:\/\/www.ateliegrupa.pl\/en\/hostesses-and-taxi-dancers\/\"]}]},{\"@type\":\"BreadcrumbList\",\"@id\":\"https:\/\/www.ateliegrupa.pl\/en\/hostesses-and-taxi-dancers\/#breadcrumb\",\"itemListElement\":[{\"@type\":\"ListItem\",\"position\":1,\"name\":\"Strona g\\u0142\\u00f3wna\",\"item\":\"https:\/\/www.ateliegrupa.pl\/en\/\"},{\"@type\":\"ListItem\",\"position\":2,\"name\":\"Hostesses and Taxi-dancers\"}]}]}<\/script>\n<!-- \/ Yoast SEO plugin. -->","yoast_head_json":{"title":"Hostesses and taxi-dancers - Dance Group Atelie","description":"Our hostesses can play any required role. They will greet and welcome all the guests with a beautiful smile and throughout the whole evening, they will be very attractive and brilliant assistants of the announcer.","robots":{"index":"index","follow":"follow","max-snippet":"max-snippet:-1","max-image-preview":"max-image-preview:large","max-video-preview":"max-video-preview:-1"},"canonical":"https:\/\/www.ateliegrupa.pl\/en\/hostesses-and-taxi-dancers\/","og_locale":"en_US","og_type":"article","og_title":"Hostesses and taxi-dancers - Dance Group Atelie","og_description":"Our hostesses can play any required role. They will greet and welcome all the guests with a beautiful smile and throughout the whole evening, they will be very attractive and brilliant assistants of the announcer.","og_url":"https:\/\/www.ateliegrupa.pl\/en\/hostesses-and-taxi-dancers\/","og_site_name":"Atelie Grupa Taneczna","article_modified_time":"2018-04-26T16:08:42+00:00","twitter_card":"summary","twitter_misc":{"Est. reading time":"2 minutes"},"schema":{"@context":"https:\/\/schema.org","@graph":[{"@type":"WebSite","@id":"https:\/\/www.ateliegrupa.pl\/#website","url":"https:\/\/www.ateliegrupa.pl\/","name":"Atelie Grupa Taneczna","description":"Z najwi\u0119ksz\u0105 przyjemno\u015bci\u0105 prezentujemy Pa\u0144stwu Grup\u0119 Taneczno-Akrobatyczn\u0105 ATELIE.","potentialAction":[{"@type":"SearchAction","target":{"@type":"EntryPoint","urlTemplate":"https:\/\/www.ateliegrupa.pl\/?s={search_term_string}"},"query-input":"required name=search_term_string"}],"inLanguage":"en-US"},{"@type":"WebPage","@id":"https:\/\/www.ateliegrupa.pl\/en\/hostesses-and-taxi-dancers\/#webpage","url":"https:\/\/www.ateliegrupa.pl\/en\/hostesses-and-taxi-dancers\/","name":"Hostesses and taxi-dancers - Dance Group Atelie","isPartOf":{"@id":"https:\/\/www.ateliegrupa.pl\/#website"},"datePublished":"2018-04-19T17:46:07+00:00","dateModified":"2018-04-26T16:08:42+00:00","description":"Our hostesses can play any required role. They will greet and welcome all the guests with a beautiful smile and throughout the whole evening, they will be very attractive and brilliant assistants of the announcer.","breadcrumb":{"@id":"https:\/\/www.ateliegrupa.pl\/en\/hostesses-and-taxi-dancers\/#breadcrumb"},"inLanguage":"en-US","potentialAction":[{"@type":"ReadAction","target":["https:\/\/www.ateliegrupa.pl\/en\/hostesses-and-taxi-dancers\/"]}]},{"@type":"BreadcrumbList","@id":"https:\/\/www.ateliegrupa.pl\/en\/hostesses-and-taxi-dancers\/#breadcrumb","itemListElement":[{"@type":"ListItem","position":1,"name":"Strona g\u0142\u00f3wna","item":"https:\/\/www.ateliegrupa.pl\/en\/"},{"@type":"ListItem","position":2,"name":"Hostesses and Taxi-dancers"}]}]}},"_links":{"self":[{"href":"https:\/\/www.ateliegrupa.pl\/en\/wp-json\/wp\/v2\/pages\/30576"}],"collection":[{"href":"https:\/\/www.ateliegrupa.pl\/en\/wp-json\/wp\/v2\/pages"}],"about":[{"href":"https:\/\/www.ateliegrupa.pl\/en\/wp-json\/wp\/v2\/types\/page"}],"author":[{"embeddable":true,"href":"https:\/\/www.ateliegrupa.pl\/en\/wp-json\/wp\/v2\/users\/1"}],"replies":[{"embeddable":true,"href":"https:\/\/www.ateliegrupa.pl\/en\/wp-json\/wp\/v2\/comments?post=30576"}],"version-history":[{"count":2,"href":"https:\/\/www.ateliegrupa.pl\/en\/wp-json\/wp\/v2\/pages\/30576\/revisions"}],"predecessor-version":[{"id":30662,"href":"https:\/\/www.ateliegrupa.pl\/en\/wp-json\/wp\/v2\/pages\/30576\/revisions\/30662"}],"wp:attachment":[{"href":"https:\/\/www.ateliegrupa.pl\/en\/wp-json\/wp\/v2\/media?parent=30576"}],"curies":[{"name":"wp","href":"https:\/\/api.w.org\/{rel}","templated":true}]}}