{"id":30571,"date":"2018-04-19T19:32:50","date_gmt":"2018-04-19T17:32:50","guid":{"rendered":"https:\/\/www.ateliegrupa.pl\/?page_id=30571"},"modified":"2018-04-26T18:20:06","modified_gmt":"2018-04-26T16:20:06","slug":"projects-direction","status":"publish","type":"page","link":"https:\/\/www.ateliegrupa.pl\/en\/projects-direction\/","title":{"rendered":"Projects Direction"},"content":{"rendered":"<p>[vc_row css=&#8221;.vc_custom_1496276462609{margin-bottom: 0px !important;}&#8221;][vc_column css=&#8221;.vc_custom_1472040471074{margin-bottom: 0px !important;padding-bottom: 0px !important;}&#8221;]<div id=\"fullwidth-block-69e22ca95bda5\" class=\"fullwidth-block clearfix\"  style=\"padding-top: 70px;padding-bottom: 160px;\"><script type=\"text\/javascript\">if (typeof(gem_fix_fullwidth_position) == \"function\") { gem_fix_fullwidth_position(document.getElementById(\"fullwidth-block-69e22ca95bda5\")); }<\/script><div class=\"fullwidth-block-background\" style=\"background-image: url(https:\/\/www.ateliegrupa.pl\/wp-content\/uploads\/2017\/07\/background-rezyseria-projektow.jpg);background-repeat: no-repeat; background-size: cover;background-position: center top;\"><\/div><div class=\"fullwidth-block-inner\"><div class=\"container\">[vc_row_inner css=&#8221;.vc_custom_1472040430171{margin-bottom: 0px !important;padding-bottom: 0px !important;}&#8221;][vc_column_inner width=&#8221;1\/2&#8243;][\/vc_column_inner][vc_column_inner width=&#8221;1\/2&#8243;][vc_column_text]<\/p>\n<h2>Projects Leadership and Direction<\/h2>\n<p>[\/vc_column_text]<div class=\"clearboth\"><\/div><div class=\"gem-divider \" style=\"margin-top: 30px;\"><\/div>[vc_separator color=&#8221;custom&#8221; align=&#8221;align_left&#8221; border_width=&#8221;2&#8243; el_width=&#8221;20&#8243; accent_color=&#8221;#ff8282&#8243;]<div class=\"clearboth\"><\/div><div class=\"gem-divider \" style=\"margin-top: 47px;\"><\/div>[vc_column_text]In this exposure of our website, we would like to propose services related to directing all type of shows, events and all kinds of stage productions. Directing this type of events is the consequence of both &#8211; unique skills and stage impression, as well as many years of experience as the result from hundreds of similar realizations in our portfolio.<\/p>\n<p>Our director- Dagmara Marzy\u0144ska-Malecka combines all the strengths and aspects required in this profession. As awell-educated musician and dancer, she can perfectly integrate skills acquired on stage with many years of work as the producer and director.<\/p>\n<p>Reliable team &#8211; Anita Szyd\u0142owska holding the highest master dance class \u2018S\u2019 is a fountain of ideas and choreographic genius, her professionalism is a sufficient encouragement. Tomasz Batko \u2013 fashion model, dancer whose domain and environment are fashion shows. A man with a creative approach in his head.<\/p>\n<p>The resulting energy perfectly composes the needs of both, contractors as well as technical and production teams. This combination gives the opportunity to professionally carry out any production process in a competent and as the efficient way as possible.<\/p>\n<p>Our direction allows us to prepare any kind of spectacle from a small event to the large productions of shows and stage performances. We take care of every detail of the show from the scenario to production stage, setting lights and cooperation with technicians.<\/p>\n<p>Previously completed projects and experiences gained during various implementations, allow us to offer our services in this area with full responsibility.<\/p>\n<p>Our portfolio and sample listof performances can be presented to all interested parties when requested.<\/p>\n<p>If you want to receive a full offer, please contact:\u00a0<a href=\"mailto:biuro@ateliegrupa.pl?subject=Zapytanie%20ze%20strony\" target=\"_blank\" rel=\"noopener\">biuro@ateliegrupa.pl<\/a>[\/vc_column_text][\/vc_column_inner][\/vc_row_inner]<\/div><\/div><\/div>[\/vc_column][\/vc_row]<\/p>\n","protected":false},"excerpt":{"rendered":"<p>[vc_row css=&#8221;.vc_custom_1496276462609{margin-bottom: 0px !important;}&#8221;][vc_column css=&#8221;.vc_custom_1472040471074{margin-bottom: 0px !important;padding-bottom: 0px !important;}&#8221;][\/vc_column][\/vc_row]<\/p>\n","protected":false},"author":1,"featured_media":0,"parent":0,"menu_order":0,"comment_status":"closed","ping_status":"closed","template":"","meta":{"_mi_skip_tracking":false,"_exactmetrics_sitenote_active":false,"_exactmetrics_sitenote_note":"","_exactmetrics_sitenote_category":0},"yoast_head":"<!-- This site is optimized with the Yoast SEO plugin v17.7.1 - https:\/\/yoast.com\/wordpress\/plugins\/seo\/ -->\n<title>Projects Direction - Dance Group Atelie<\/title>\n<meta name=\"description\" content=\"In this exposure of ourwebsite, we would like to propose services related to directing all type of shows, events and all kinds of stage productions. Directing this type of events is the consequence of both - unique skills and stage impression, as well as many years of experience as the result from hundreds of similar realizations in our portfolio.\" \/>\n<meta name=\"robots\" content=\"index, follow, max-snippet:-1, max-image-preview:large, max-video-preview:-1\" \/>\n<link rel=\"canonical\" href=\"https:\/\/www.ateliegrupa.pl\/en\/projects-direction\/\" \/>\n<meta property=\"og:locale\" content=\"en_US\" \/>\n<meta property=\"og:type\" content=\"article\" \/>\n<meta property=\"og:title\" content=\"Projects Direction - Dance Group Atelie\" \/>\n<meta property=\"og:description\" content=\"In this exposure of ourwebsite, we would like to propose services related to directing all type of shows, events and all kinds of stage productions. Directing this type of events is the consequence of both - unique skills and stage impression, as well as many years of experience as the result from hundreds of similar realizations in our portfolio.\" \/>\n<meta property=\"og:url\" content=\"https:\/\/www.ateliegrupa.pl\/en\/projects-direction\/\" \/>\n<meta property=\"og:site_name\" content=\"Atelie Grupa Taneczna\" \/>\n<meta property=\"article:modified_time\" content=\"2018-04-26T16:20:06+00:00\" \/>\n<meta name=\"twitter:card\" content=\"summary\" \/>\n<meta name=\"twitter:label1\" content=\"Est. reading time\" \/>\n\t<meta name=\"twitter:data1\" content=\"2 minutes\" \/>\n<script type=\"application\/ld+json\" class=\"yoast-schema-graph\">{\"@context\":\"https:\/\/schema.org\",\"@graph\":[{\"@type\":\"WebSite\",\"@id\":\"https:\/\/www.ateliegrupa.pl\/#website\",\"url\":\"https:\/\/www.ateliegrupa.pl\/\",\"name\":\"Atelie Grupa Taneczna\",\"description\":\"Z najwi\\u0119ksz\\u0105 przyjemno\\u015bci\\u0105 prezentujemy Pa\\u0144stwu Grup\\u0119 Taneczno-Akrobatyczn\\u0105 ATELIE.\",\"potentialAction\":[{\"@type\":\"SearchAction\",\"target\":{\"@type\":\"EntryPoint\",\"urlTemplate\":\"https:\/\/www.ateliegrupa.pl\/?s={search_term_string}\"},\"query-input\":\"required name=search_term_string\"}],\"inLanguage\":\"en-US\"},{\"@type\":\"WebPage\",\"@id\":\"https:\/\/www.ateliegrupa.pl\/en\/projects-direction\/#webpage\",\"url\":\"https:\/\/www.ateliegrupa.pl\/en\/projects-direction\/\",\"name\":\"Projects Direction - Dance Group Atelie\",\"isPartOf\":{\"@id\":\"https:\/\/www.ateliegrupa.pl\/#website\"},\"datePublished\":\"2018-04-19T17:32:50+00:00\",\"dateModified\":\"2018-04-26T16:20:06+00:00\",\"description\":\"In this exposure of ourwebsite, we would like to propose services related to directing all type of shows, events and all kinds of stage productions. Directing this type of events is the consequence of both - unique skills and stage impression, as well as many years of experience as the result from hundreds of similar realizations in our portfolio.\",\"breadcrumb\":{\"@id\":\"https:\/\/www.ateliegrupa.pl\/en\/projects-direction\/#breadcrumb\"},\"inLanguage\":\"en-US\",\"potentialAction\":[{\"@type\":\"ReadAction\",\"target\":[\"https:\/\/www.ateliegrupa.pl\/en\/projects-direction\/\"]}]},{\"@type\":\"BreadcrumbList\",\"@id\":\"https:\/\/www.ateliegrupa.pl\/en\/projects-direction\/#breadcrumb\",\"itemListElement\":[{\"@type\":\"ListItem\",\"position\":1,\"name\":\"Strona g\\u0142\\u00f3wna\",\"item\":\"https:\/\/www.ateliegrupa.pl\/en\/\"},{\"@type\":\"ListItem\",\"position\":2,\"name\":\"Projects Direction\"}]}]}<\/script>\n<!-- \/ Yoast SEO plugin. -->","yoast_head_json":{"title":"Projects Direction - Dance Group Atelie","description":"In this exposure of ourwebsite, we would like to propose services related to directing all type of shows, events and all kinds of stage productions. Directing this type of events is the consequence of both - unique skills and stage impression, as well as many years of experience as the result from hundreds of similar realizations in our portfolio.","robots":{"index":"index","follow":"follow","max-snippet":"max-snippet:-1","max-image-preview":"max-image-preview:large","max-video-preview":"max-video-preview:-1"},"canonical":"https:\/\/www.ateliegrupa.pl\/en\/projects-direction\/","og_locale":"en_US","og_type":"article","og_title":"Projects Direction - Dance Group Atelie","og_description":"In this exposure of ourwebsite, we would like to propose services related to directing all type of shows, events and all kinds of stage productions. Directing this type of events is the consequence of both - unique skills and stage impression, as well as many years of experience as the result from hundreds of similar realizations in our portfolio.","og_url":"https:\/\/www.ateliegrupa.pl\/en\/projects-direction\/","og_site_name":"Atelie Grupa Taneczna","article_modified_time":"2018-04-26T16:20:06+00:00","twitter_card":"summary","twitter_misc":{"Est. reading time":"2 minutes"},"schema":{"@context":"https:\/\/schema.org","@graph":[{"@type":"WebSite","@id":"https:\/\/www.ateliegrupa.pl\/#website","url":"https:\/\/www.ateliegrupa.pl\/","name":"Atelie Grupa Taneczna","description":"Z najwi\u0119ksz\u0105 przyjemno\u015bci\u0105 prezentujemy Pa\u0144stwu Grup\u0119 Taneczno-Akrobatyczn\u0105 ATELIE.","potentialAction":[{"@type":"SearchAction","target":{"@type":"EntryPoint","urlTemplate":"https:\/\/www.ateliegrupa.pl\/?s={search_term_string}"},"query-input":"required name=search_term_string"}],"inLanguage":"en-US"},{"@type":"WebPage","@id":"https:\/\/www.ateliegrupa.pl\/en\/projects-direction\/#webpage","url":"https:\/\/www.ateliegrupa.pl\/en\/projects-direction\/","name":"Projects Direction - Dance Group Atelie","isPartOf":{"@id":"https:\/\/www.ateliegrupa.pl\/#website"},"datePublished":"2018-04-19T17:32:50+00:00","dateModified":"2018-04-26T16:20:06+00:00","description":"In this exposure of ourwebsite, we would like to propose services related to directing all type of shows, events and all kinds of stage productions. Directing this type of events is the consequence of both - unique skills and stage impression, as well as many years of experience as the result from hundreds of similar realizations in our portfolio.","breadcrumb":{"@id":"https:\/\/www.ateliegrupa.pl\/en\/projects-direction\/#breadcrumb"},"inLanguage":"en-US","potentialAction":[{"@type":"ReadAction","target":["https:\/\/www.ateliegrupa.pl\/en\/projects-direction\/"]}]},{"@type":"BreadcrumbList","@id":"https:\/\/www.ateliegrupa.pl\/en\/projects-direction\/#breadcrumb","itemListElement":[{"@type":"ListItem","position":1,"name":"Strona g\u0142\u00f3wna","item":"https:\/\/www.ateliegrupa.pl\/en\/"},{"@type":"ListItem","position":2,"name":"Projects Direction"}]}]}},"_links":{"self":[{"href":"https:\/\/www.ateliegrupa.pl\/en\/wp-json\/wp\/v2\/pages\/30571"}],"collection":[{"href":"https:\/\/www.ateliegrupa.pl\/en\/wp-json\/wp\/v2\/pages"}],"about":[{"href":"https:\/\/www.ateliegrupa.pl\/en\/wp-json\/wp\/v2\/types\/page"}],"author":[{"embeddable":true,"href":"https:\/\/www.ateliegrupa.pl\/en\/wp-json\/wp\/v2\/users\/1"}],"replies":[{"embeddable":true,"href":"https:\/\/www.ateliegrupa.pl\/en\/wp-json\/wp\/v2\/comments?post=30571"}],"version-history":[{"count":2,"href":"https:\/\/www.ateliegrupa.pl\/en\/wp-json\/wp\/v2\/pages\/30571\/revisions"}],"predecessor-version":[{"id":30668,"href":"https:\/\/www.ateliegrupa.pl\/en\/wp-json\/wp\/v2\/pages\/30571\/revisions\/30668"}],"wp:attachment":[{"href":"https:\/\/www.ateliegrupa.pl\/en\/wp-json\/wp\/v2\/media?parent=30571"}],"curies":[{"name":"wp","href":"https:\/\/api.w.org\/{rel}","templated":true}]}}