{"id":30560,"date":"2018-04-19T19:23:20","date_gmt":"2018-04-19T17:23:20","guid":{"rendered":"https:\/\/www.ateliegrupa.pl\/?page_id=30560"},"modified":"2018-04-26T18:11:26","modified_gmt":"2018-04-26T16:11:26","slug":"acrobatic-shows","status":"publish","type":"page","link":"https:\/\/www.ateliegrupa.pl\/en\/artistic-offer\/acrobatic-shows\/","title":{"rendered":"Acrobatic Shows"},"content":{"rendered":"<p>[vc_row css=&#8221;.vc_custom_1496276462609{margin-bottom: 0px !important;}&#8221;][vc_column css=&#8221;.vc_custom_1472040471074{margin-bottom: 0px !important;padding-bottom: 0px !important;}&#8221;]<div id=\"fullwidth-block-69e2150263b88\" class=\"fullwidth-block clearfix\"  style=\"padding-top: 70px;padding-bottom: 160px;\"><script type=\"text\/javascript\">if (typeof(gem_fix_fullwidth_position) == \"function\") { gem_fix_fullwidth_position(document.getElementById(\"fullwidth-block-69e2150263b88\")); }<\/script><div class=\"fullwidth-block-background\" style=\"background-image: url(https:\/\/www.ateliegrupa.pl\/wp-content\/uploads\/2017\/06\/background-show-akrobatyczne-1.jpg);background-repeat: no-repeat; background-size: cover;background-position: center top;\"><\/div><div class=\"fullwidth-block-inner\"><div class=\"container\">[vc_row_inner css=&#8221;.vc_custom_1472040430171{margin-bottom: 0px !important;padding-bottom: 0px !important;}&#8221;][vc_column_inner width=&#8221;1\/2&#8243;][vc_column_text]<\/p>\n<h1>Acrobatic Shows<\/h1>\n<p>[\/vc_column_text]<div class=\"clearboth\"><\/div><div class=\"gem-divider \" style=\"margin-top: 30px;\"><\/div>[vc_separator color=&#8221;custom&#8221; align=&#8221;align_left&#8221; border_width=&#8221;2&#8243; el_width=&#8221;20&#8243; accent_color=&#8221;#ff8282&#8243;]<div class=\"clearboth\"><\/div><div class=\"gem-divider \" style=\"margin-top: 47px;\"><\/div>[vc_column_text]Magical play between light and sound that surrounds the dance, combining dream like lifts, amazing leaps and spectacular gymnastic jumps.<\/p>\n<p>Our artists have perfectly developed dance and acrobatic skills.<\/p>\n<p>The acrobatic group resists the laws of nature and gravity in an amazing way. Strength, flexibility and nimbleness combined in one show is something that will stay in your mind for many years long.[\/vc_column_text][vc_column_text]See also: <a href=\"https:\/\/www.ateliegrupa.pl\/en\/artistic-offer\/dance-shows\/\">Dance shows<\/a> \/ <a href=\"https:\/\/www.ateliegrupa.pl\/en\/artistic-offer\/specialized-shows\/\">Special show<\/a><\/p>\n<p>If you want to receive a full offer, please contact:\u00a0<a href=\"mailto:biuro@ateliegrupa.pl?subject=Zapytanie%20ze%20strony\" target=\"_blank\" rel=\"noopener\">biuro@ateliegrupa.pl<\/a>[\/vc_column_text][\/vc_column_inner][vc_column_inner width=&#8221;1\/2&#8243;][\/vc_column_inner][\/vc_row_inner]<\/div><\/div><\/div>[\/vc_column][\/vc_row][vc_row css=&#8221;.vc_custom_1496276468396{margin-bottom: 0px !important;}&#8221;][vc_column css=&#8221;.vc_custom_1472040471074{margin-bottom: 0px !important;padding-bottom: 0px !important;}&#8221;]<div id=\"fullwidth-block-69e2150263e2a\" class=\"fullwidth-block clearfix\"  style=\"padding-top: 70px;padding-bottom: 160px;\"><script type=\"text\/javascript\">if (typeof(gem_fix_fullwidth_position) == \"function\") { gem_fix_fullwidth_position(document.getElementById(\"fullwidth-block-69e2150263e2a\")); }<\/script><div class=\"fullwidth-block-background\" style=\"background-image: url(https:\/\/www.ateliegrupa.pl\/wp-content\/uploads\/2017\/06\/background-duet-acrogym.jpg);background-repeat: no-repeat; background-size: cover;background-position: center top;\"><\/div><div class=\"fullwidth-block-inner\"><div class=\"container\">[vc_row_inner css=&#8221;.vc_custom_1472040430171{margin-bottom: 0px !important;padding-bottom: 0px !important;}&#8221;][vc_column_inner width=&#8221;1\/2&#8243;][\/vc_column_inner][vc_column_inner width=&#8221;1\/2&#8243;][vc_column_text]<\/p>\n<h2>Acrogym Duo<\/h2>\n<p>[\/vc_column_text]<div class=\"clearboth\"><\/div><div class=\"gem-divider \" style=\"margin-top: 30px;\"><\/div>[vc_separator color=&#8221;custom&#8221; align=&#8221;align_left&#8221; border_width=&#8221;2&#8243; el_width=&#8221;20&#8243; accent_color=&#8221;#ff8282&#8243;]<div class=\"clearboth\"><\/div><div class=\"gem-divider \" style=\"margin-top: 47px;\"><\/div>[vc_column_text]The performance of the \u2018ACROGYM\u2019 acrobatic duo is an extraordinary show combining superhuman strength and unprecedented flexibility, highlighting the beauty of the human body.<\/p>\n<p>World Champions from Beijing 2010 in minor-sized dance \/ acrobatic formations will take you for an unforgettabl eadventure. The performance will be full of dynamic body lifting, wonderful leaps and spectacular gymnastic jumps. The phenomenal play of light and magical musical setting will prevent any of you from being passive to the gymnastic show combined with elements of dance.[\/vc_column_text][vc_column_text]See also: <a href=\"https:\/\/www.ateliegrupa.pl\/en\/artistic-offer\/dance-shows\/\">Dance shows<\/a> \/ <a href=\"https:\/\/www.ateliegrupa.pl\/en\/artistic-offer\/specialized-shows\/\">Special show<\/a><\/p>\n<p>If you want to receive a full offer, please contact:\u00a0<a href=\"mailto:biuro@ateliegrupa.pl?subject=Zapytanie%20ze%20strony\" target=\"_blank\" rel=\"noopener\">biuro@ateliegrupa.pl<\/a>[\/vc_column_text][\/vc_column_inner][\/vc_row_inner]<\/div><\/div><\/div>[\/vc_column][\/vc_row][vc_row css=&#8221;.vc_custom_1496276462609{margin-bottom: 0px !important;}&#8221;][vc_column css=&#8221;.vc_custom_1472040471074{margin-bottom: 0px !important;padding-bottom: 0px !important;}&#8221;]<div id=\"fullwidth-block-69e2150263f8a\" class=\"fullwidth-block clearfix\"  style=\"padding-top: 70px;padding-bottom: 160px;\"><script type=\"text\/javascript\">if (typeof(gem_fix_fullwidth_position) == \"function\") { gem_fix_fullwidth_position(document.getElementById(\"fullwidth-block-69e2150263f8a\")); }<\/script><div class=\"fullwidth-block-background\" style=\"background-image: url(https:\/\/www.ateliegrupa.pl\/wp-content\/uploads\/2017\/06\/background-poezja-akrobatyki.jpg);background-repeat: no-repeat; background-size: cover;background-position: center top;\"><\/div><div class=\"fullwidth-block-inner\"><div class=\"container\">[vc_row_inner css=&#8221;.vc_custom_1472040430171{margin-bottom: 0px !important;padding-bottom: 0px !important;}&#8221;][vc_column_inner width=&#8221;1\/2&#8243;][vc_column_text]<\/p>\n<h2>Poetry of acrobatics<\/h2>\n<p>[\/vc_column_text]<div class=\"clearboth\"><\/div><div class=\"gem-divider \" style=\"margin-top: 30px;\"><\/div>[vc_separator color=&#8221;custom&#8221; align=&#8221;align_left&#8221; border_width=&#8221;2&#8243; el_width=&#8221;20&#8243; accent_color=&#8221;#ff8282&#8243;]<div class=\"clearboth\"><\/div><div class=\"gem-divider \" style=\"margin-top: 47px;\"><\/div>[vc_column_text]Up-the-sky type of show, thatyou have never seen before! This is an outstanding combination of sensual dance with acrobatic figures in an aerial show.<\/p>\n<p>Acrobatics performed by our artists is a dance raised a few meters above the ground level.<\/p>\n<p>In our offer you will find shows using various requisites such as hoop, sash or sphere and many others.[\/vc_column_text][vc_column_text]See also: <a href=\"https:\/\/www.ateliegrupa.pl\/en\/artistic-offer\/dance-shows\/\">Dance shows<\/a> \/ <a href=\"https:\/\/www.ateliegrupa.pl\/en\/artistic-offer\/specialized-shows\/\">Special show<\/a><\/p>\n<p>If you want to receive a full offer, please contact:\u00a0<a href=\"mailto:biuro@ateliegrupa.pl?subject=Zapytanie%20ze%20strony\" target=\"_blank\" rel=\"noopener\">biuro@ateliegrupa.pl<\/a>[\/vc_column_text][\/vc_column_inner][vc_column_inner width=&#8221;1\/2&#8243;][\/vc_column_inner][\/vc_row_inner]<\/div><\/div><\/div>[\/vc_column][\/vc_row]<\/p>\n","protected":false},"excerpt":{"rendered":"<p>[vc_row css=&#8221;.vc_custom_1496276462609{margin-bottom: 0px !important;}&#8221;][vc_column css=&#8221;.vc_custom_1472040471074{margin-bottom: 0px !important;padding-bottom: 0px !important;}&#8221;][\/vc_column][\/vc_row][vc_row css=&#8221;.vc_custom_1496276468396{margin-bottom: 0px !important;}&#8221;][vc_column css=&#8221;.vc_custom_1472040471074{margin-bottom: 0px !important;padding-bottom: 0px !important;}&#8221;][\/vc_column][\/vc_row][vc_row css=&#8221;.vc_custom_1496276462609{margin-bottom: 0px !important;}&#8221;][vc_column&#8230;<\/p>\n","protected":false},"author":1,"featured_media":0,"parent":30545,"menu_order":0,"comment_status":"closed","ping_status":"closed","template":"","meta":{"_mi_skip_tracking":false,"_exactmetrics_sitenote_active":false,"_exactmetrics_sitenote_note":"","_exactmetrics_sitenote_category":0},"yoast_head":"<!-- This site is optimized with the Yoast SEO plugin v17.7.1 - https:\/\/yoast.com\/wordpress\/plugins\/seo\/ -->\n<title>Acrobatic Shows - Dance Group Atelie<\/title>\n<meta name=\"description\" content=\"Magical play between lightand sound thatsurrounds the dance, combining dreamlikelifts, amazing leaps and spectacular gymnastic jumps.\" \/>\n<meta name=\"robots\" content=\"index, follow, max-snippet:-1, max-image-preview:large, max-video-preview:-1\" \/>\n<link rel=\"canonical\" href=\"https:\/\/www.ateliegrupa.pl\/en\/artistic-offer\/acrobatic-shows\/\" \/>\n<meta property=\"og:locale\" content=\"en_US\" \/>\n<meta property=\"og:type\" content=\"article\" \/>\n<meta property=\"og:title\" content=\"Acrobatic Shows - Dance Group Atelie\" \/>\n<meta property=\"og:description\" content=\"Magical play between lightand sound thatsurrounds the dance, combining dreamlikelifts, amazing leaps and spectacular gymnastic jumps.\" \/>\n<meta property=\"og:url\" content=\"https:\/\/www.ateliegrupa.pl\/en\/artistic-offer\/acrobatic-shows\/\" \/>\n<meta property=\"og:site_name\" content=\"Atelie Grupa Taneczna\" \/>\n<meta property=\"article:modified_time\" content=\"2018-04-26T16:11:26+00:00\" \/>\n<meta name=\"twitter:card\" content=\"summary\" \/>\n<meta name=\"twitter:label1\" content=\"Est. reading time\" \/>\n\t<meta name=\"twitter:data1\" content=\"3 minutes\" \/>\n<script type=\"application\/ld+json\" class=\"yoast-schema-graph\">{\"@context\":\"https:\/\/schema.org\",\"@graph\":[{\"@type\":\"WebSite\",\"@id\":\"https:\/\/www.ateliegrupa.pl\/#website\",\"url\":\"https:\/\/www.ateliegrupa.pl\/\",\"name\":\"Atelie Grupa Taneczna\",\"description\":\"Z najwi\\u0119ksz\\u0105 przyjemno\\u015bci\\u0105 prezentujemy Pa\\u0144stwu Grup\\u0119 Taneczno-Akrobatyczn\\u0105 ATELIE.\",\"potentialAction\":[{\"@type\":\"SearchAction\",\"target\":{\"@type\":\"EntryPoint\",\"urlTemplate\":\"https:\/\/www.ateliegrupa.pl\/?s={search_term_string}\"},\"query-input\":\"required name=search_term_string\"}],\"inLanguage\":\"en-US\"},{\"@type\":\"WebPage\",\"@id\":\"https:\/\/www.ateliegrupa.pl\/en\/artistic-offer\/acrobatic-shows\/#webpage\",\"url\":\"https:\/\/www.ateliegrupa.pl\/en\/artistic-offer\/acrobatic-shows\/\",\"name\":\"Acrobatic Shows - Dance Group Atelie\",\"isPartOf\":{\"@id\":\"https:\/\/www.ateliegrupa.pl\/#website\"},\"datePublished\":\"2018-04-19T17:23:20+00:00\",\"dateModified\":\"2018-04-26T16:11:26+00:00\",\"description\":\"Magical play between lightand sound thatsurrounds the dance, combining dreamlikelifts, amazing leaps and spectacular gymnastic jumps.\",\"breadcrumb\":{\"@id\":\"https:\/\/www.ateliegrupa.pl\/en\/artistic-offer\/acrobatic-shows\/#breadcrumb\"},\"inLanguage\":\"en-US\",\"potentialAction\":[{\"@type\":\"ReadAction\",\"target\":[\"https:\/\/www.ateliegrupa.pl\/en\/artistic-offer\/acrobatic-shows\/\"]}]},{\"@type\":\"BreadcrumbList\",\"@id\":\"https:\/\/www.ateliegrupa.pl\/en\/artistic-offer\/acrobatic-shows\/#breadcrumb\",\"itemListElement\":[{\"@type\":\"ListItem\",\"position\":1,\"name\":\"Strona g\\u0142\\u00f3wna\",\"item\":\"https:\/\/www.ateliegrupa.pl\/en\/\"},{\"@type\":\"ListItem\",\"position\":2,\"name\":\"Artistic Offer\",\"item\":\"https:\/\/www.ateliegrupa.pl\/en\/artistic-offer\/\"},{\"@type\":\"ListItem\",\"position\":3,\"name\":\"Acrobatic Shows\"}]}]}<\/script>\n<!-- \/ Yoast SEO plugin. -->","yoast_head_json":{"title":"Acrobatic Shows - Dance Group Atelie","description":"Magical play between lightand sound thatsurrounds the dance, combining dreamlikelifts, amazing leaps and spectacular gymnastic jumps.","robots":{"index":"index","follow":"follow","max-snippet":"max-snippet:-1","max-image-preview":"max-image-preview:large","max-video-preview":"max-video-preview:-1"},"canonical":"https:\/\/www.ateliegrupa.pl\/en\/artistic-offer\/acrobatic-shows\/","og_locale":"en_US","og_type":"article","og_title":"Acrobatic Shows - Dance Group Atelie","og_description":"Magical play between lightand sound thatsurrounds the dance, combining dreamlikelifts, amazing leaps and spectacular gymnastic jumps.","og_url":"https:\/\/www.ateliegrupa.pl\/en\/artistic-offer\/acrobatic-shows\/","og_site_name":"Atelie Grupa Taneczna","article_modified_time":"2018-04-26T16:11:26+00:00","twitter_card":"summary","twitter_misc":{"Est. reading time":"3 minutes"},"schema":{"@context":"https:\/\/schema.org","@graph":[{"@type":"WebSite","@id":"https:\/\/www.ateliegrupa.pl\/#website","url":"https:\/\/www.ateliegrupa.pl\/","name":"Atelie Grupa Taneczna","description":"Z najwi\u0119ksz\u0105 przyjemno\u015bci\u0105 prezentujemy Pa\u0144stwu Grup\u0119 Taneczno-Akrobatyczn\u0105 ATELIE.","potentialAction":[{"@type":"SearchAction","target":{"@type":"EntryPoint","urlTemplate":"https:\/\/www.ateliegrupa.pl\/?s={search_term_string}"},"query-input":"required name=search_term_string"}],"inLanguage":"en-US"},{"@type":"WebPage","@id":"https:\/\/www.ateliegrupa.pl\/en\/artistic-offer\/acrobatic-shows\/#webpage","url":"https:\/\/www.ateliegrupa.pl\/en\/artistic-offer\/acrobatic-shows\/","name":"Acrobatic Shows - Dance Group Atelie","isPartOf":{"@id":"https:\/\/www.ateliegrupa.pl\/#website"},"datePublished":"2018-04-19T17:23:20+00:00","dateModified":"2018-04-26T16:11:26+00:00","description":"Magical play between lightand sound thatsurrounds the dance, combining dreamlikelifts, amazing leaps and spectacular gymnastic jumps.","breadcrumb":{"@id":"https:\/\/www.ateliegrupa.pl\/en\/artistic-offer\/acrobatic-shows\/#breadcrumb"},"inLanguage":"en-US","potentialAction":[{"@type":"ReadAction","target":["https:\/\/www.ateliegrupa.pl\/en\/artistic-offer\/acrobatic-shows\/"]}]},{"@type":"BreadcrumbList","@id":"https:\/\/www.ateliegrupa.pl\/en\/artistic-offer\/acrobatic-shows\/#breadcrumb","itemListElement":[{"@type":"ListItem","position":1,"name":"Strona g\u0142\u00f3wna","item":"https:\/\/www.ateliegrupa.pl\/en\/"},{"@type":"ListItem","position":2,"name":"Artistic Offer","item":"https:\/\/www.ateliegrupa.pl\/en\/artistic-offer\/"},{"@type":"ListItem","position":3,"name":"Acrobatic Shows"}]}]}},"_links":{"self":[{"href":"https:\/\/www.ateliegrupa.pl\/en\/wp-json\/wp\/v2\/pages\/30560"}],"collection":[{"href":"https:\/\/www.ateliegrupa.pl\/en\/wp-json\/wp\/v2\/pages"}],"about":[{"href":"https:\/\/www.ateliegrupa.pl\/en\/wp-json\/wp\/v2\/types\/page"}],"author":[{"embeddable":true,"href":"https:\/\/www.ateliegrupa.pl\/en\/wp-json\/wp\/v2\/users\/1"}],"replies":[{"embeddable":true,"href":"https:\/\/www.ateliegrupa.pl\/en\/wp-json\/wp\/v2\/comments?post=30560"}],"version-history":[{"count":5,"href":"https:\/\/www.ateliegrupa.pl\/en\/wp-json\/wp\/v2\/pages\/30560\/revisions"}],"predecessor-version":[{"id":30665,"href":"https:\/\/www.ateliegrupa.pl\/en\/wp-json\/wp\/v2\/pages\/30560\/revisions\/30665"}],"up":[{"embeddable":true,"href":"https:\/\/www.ateliegrupa.pl\/en\/wp-json\/wp\/v2\/pages\/30545"}],"wp:attachment":[{"href":"https:\/\/www.ateliegrupa.pl\/en\/wp-json\/wp\/v2\/media?parent=30560"}],"curies":[{"name":"wp","href":"https:\/\/api.w.org\/{rel}","templated":true}]}}