{"id":30554,"date":"2018-04-19T19:15:03","date_gmt":"2018-04-19T17:15:03","guid":{"rendered":"https:\/\/www.ateliegrupa.pl\/?page_id=30554"},"modified":"2018-04-26T18:15:43","modified_gmt":"2018-04-26T16:15:43","slug":"dance-shows","status":"publish","type":"page","link":"https:\/\/www.ateliegrupa.pl\/en\/artistic-offer\/dance-shows\/","title":{"rendered":"Dance Shows"},"content":{"rendered":"<p>[vc_row css=&#8221;.vc_custom_1496276462609{margin-bottom: 0px !important;}&#8221;][vc_column css=&#8221;.vc_custom_1472040471074{margin-bottom: 0px !important;padding-bottom: 0px !important;}&#8221;]<div id=\"fullwidth-block-69e23cb32ccc0\" class=\"fullwidth-block clearfix\"  style=\"padding-top: 70px;padding-bottom: 160px;\"><script type=\"text\/javascript\">if (typeof(gem_fix_fullwidth_position) == \"function\") { gem_fix_fullwidth_position(document.getElementById(\"fullwidth-block-69e23cb32ccc0\")); }<\/script><div class=\"fullwidth-block-background\" style=\"background-image: url(https:\/\/www.ateliegrupa.pl\/wp-content\/uploads\/2017\/06\/background-pokazy-taneczne.jpg);background-repeat: no-repeat; background-size: cover;background-position: center top;\"><\/div><div class=\"fullwidth-block-inner\"><div class=\"container\">[vc_row_inner css=&#8221;.vc_custom_1472040430171{margin-bottom: 0px !important;padding-bottom: 0px !important;}&#8221;][vc_column_inner width=&#8221;1\/2&#8243;][vc_column_text]<\/p>\n<h1>Dance Shows<\/h1>\n<p>[\/vc_column_text]<div class=\"clearboth\"><\/div><div class=\"gem-divider \" style=\"margin-top: 30px;\"><\/div>[vc_separator color=&#8221;custom&#8221; align=&#8221;align_left&#8221; border_width=&#8221;2&#8243; el_width=&#8221;20&#8243; accent_color=&#8221;#ff8282&#8243;]<div class=\"clearboth\"><\/div><div class=\"gem-divider \" style=\"margin-top: 47px;\"><\/div>[vc_column_text]Dance madness \u2013 show performed by professional dancers is the bestway to make each event more attractive. In its wide offer range, Atelie group has artistic projects such as.[\/vc_column_text][vc_column_text]See also: <a href=\"https:\/\/www.ateliegrupa.pl\/en\/artistic-offer\/specialized-shows\/\">Special shows<\/a> \/ <a href=\"https:\/\/www.ateliegrupa.pl\/en\/artistic-offer\/acrobatic-shows\">Acrobatic show<\/a><\/p>\n<p>If you want to receive a full offer, please contact:\u00a0<a href=\"mailto:biuro@ateliegrupa.pl?subject=Zapytanie%20ze%20strony\" target=\"_blank\" rel=\"noopener\">biuro@ateliegrupa.pl<\/a>[\/vc_column_text][\/vc_column_inner][vc_column_inner width=&#8221;1\/2&#8243;][\/vc_column_inner][\/vc_row_inner]<\/div><\/div><\/div>[\/vc_column][\/vc_row][vc_row css=&#8221;.vc_custom_1496276468396{margin-bottom: 0px !important;}&#8221;][vc_column css=&#8221;.vc_custom_1472040471074{margin-bottom: 0px !important;padding-bottom: 0px !important;}&#8221;]<div id=\"fullwidth-block-69e23cb32cf35\" class=\"fullwidth-block clearfix\"  style=\"padding-top: 70px;padding-bottom: 160px;\"><script type=\"text\/javascript\">if (typeof(gem_fix_fullwidth_position) == \"function\") { gem_fix_fullwidth_position(document.getElementById(\"fullwidth-block-69e23cb32cf35\")); }<\/script><div class=\"fullwidth-block-background\" style=\"background-image: url(https:\/\/www.ateliegrupa.pl\/wp-content\/uploads\/2017\/06\/background-burlesque.jpg);background-repeat: no-repeat; background-size: cover;background-position: center top;\"><\/div><div class=\"fullwidth-block-inner\"><div class=\"container\">[vc_row_inner css=&#8221;.vc_custom_1472040430171{margin-bottom: 0px !important;padding-bottom: 0px !important;}&#8221;][vc_column_inner width=&#8221;1\/2&#8243;][\/vc_column_inner][vc_column_inner width=&#8221;1\/2&#8243;][vc_column_text]<\/p>\n<h2>Burlesque Show<\/h2>\n<p>[\/vc_column_text]<div class=\"clearboth\"><\/div><div class=\"gem-divider \" style=\"margin-top: 30px;\"><\/div>[vc_separator color=&#8221;custom&#8221; align=&#8221;align_left&#8221; border_width=&#8221;2&#8243; el_width=&#8221;20&#8243; accent_color=&#8221;#ff8282&#8243;]<div class=\"clearboth\"><\/div><div class=\"gem-divider \" style=\"margin-top: 47px;\"><\/div>[vc_column_text]Welcome to Burlesque!<\/p>\n<p>An amazing and sensual dance show with the mosterotic and seductive dance in the entire world. Let&#8217;s get loud with hot and well-known songs from exciting musicals![\/vc_column_text][vc_column_text]See also: <a href=\"https:\/\/www.ateliegrupa.pl\/en\/artistic-offer\/specialized-shows\/\">Special shows<\/a> \/ <a href=\"https:\/\/www.ateliegrupa.pl\/en\/artistic-offer\/acrobatic-shows\">Acrobatic show<\/a><\/p>\n<p>If you want to receive a full offer, please contact:\u00a0<a href=\"mailto:biuro@ateliegrupa.pl?subject=Zapytanie%20ze%20strony\" target=\"_blank\" rel=\"noopener\">biuro@ateliegrupa.pl<\/a>[\/vc_column_text][\/vc_column_inner][\/vc_row_inner]<\/div><\/div><\/div>[\/vc_column][\/vc_row][vc_row css=&#8221;.vc_custom_1496276468396{margin-bottom: 0px !important;}&#8221;][vc_column css=&#8221;.vc_custom_1472040471074{margin-bottom: 0px !important;padding-bottom: 0px !important;}&#8221;]<div id=\"fullwidth-block-69e23cb32d07b\" class=\"fullwidth-block clearfix\"  style=\"padding-top: 70px;padding-bottom: 160px;\"><script type=\"text\/javascript\">if (typeof(gem_fix_fullwidth_position) == \"function\") { gem_fix_fullwidth_position(document.getElementById(\"fullwidth-block-69e23cb32d07b\")); }<\/script><div class=\"fullwidth-block-background\" style=\"background-image: url(https:\/\/www.ateliegrupa.pl\/wp-content\/uploads\/2017\/06\/background-mouline-rogue.jpg);background-repeat: no-repeat; background-size: cover;background-position: center top;\"><\/div><div class=\"fullwidth-block-inner\"><div class=\"container\">[vc_row_inner css=&#8221;.vc_custom_1472040430171{margin-bottom: 0px !important;padding-bottom: 0px !important;}&#8221;][vc_column_inner width=&#8221;1\/2&#8243;][vc_column_text]<\/p>\n<h2>MOULIN ROUGE<\/h2>\n<p>[\/vc_column_text]<div class=\"clearboth\"><\/div><div class=\"gem-divider \" style=\"margin-top: 30px;\"><\/div>[vc_separator color=&#8221;custom&#8221; align=&#8221;align_left&#8221; border_width=&#8221;2&#8243; el_width=&#8221;20&#8243; accent_color=&#8221;#ff8282&#8243;]<div class=\"clearboth\"><\/div><div class=\"gem-divider \" style=\"margin-top: 47px;\"><\/div>[vc_column_text]This show will take us to the streets of Paris for a magical moment!<\/p>\n<p>Beautiful and charming women in a wonderful cabaret and musical revue in the climate of Moulin Rouge. Dynamic choreographic arrangements, colorful dresses, feathers and cigars are justan epic announcement of what will happen during this evening.[\/vc_column_text][vc_column_text]See also: <a href=\"https:\/\/www.ateliegrupa.pl\/en\/artistic-offer\/specialized-shows\/\">Special shows<\/a> \/ <a href=\"https:\/\/www.ateliegrupa.pl\/en\/artistic-offer\/acrobatic-shows\">Acrobatic show<\/a><\/p>\n<p>If you want to receive a full offer, please contact:\u00a0<a href=\"mailto:biuro@ateliegrupa.pl?subject=Zapytanie%20ze%20strony\" target=\"_blank\" rel=\"noopener\">biuro@ateliegrupa.pl<\/a>[\/vc_column_text][\/vc_column_inner][vc_column_inner width=&#8221;1\/2&#8243;][\/vc_column_inner][\/vc_row_inner]<\/div><\/div><\/div>[\/vc_column][\/vc_row][vc_row css=&#8221;.vc_custom_1496276468396{margin-bottom: 0px !important;}&#8221;][vc_column css=&#8221;.vc_custom_1472040471074{margin-bottom: 0px !important;padding-bottom: 0px !important;}&#8221;]<div id=\"fullwidth-block-69e23cb32d242\" class=\"fullwidth-block clearfix\"  style=\"padding-top: 70px;padding-bottom: 160px;\"><script type=\"text\/javascript\">if (typeof(gem_fix_fullwidth_position) == \"function\") { gem_fix_fullwidth_position(document.getElementById(\"fullwidth-block-69e23cb32d242\")); }<\/script><div class=\"fullwidth-block-background\" style=\"background-image: url(https:\/\/www.ateliegrupa.pl\/wp-content\/uploads\/2017\/06\/background-7sins.jpg);background-repeat: no-repeat; background-size: cover;background-position: center top;\"><\/div><div class=\"fullwidth-block-inner\"><div class=\"container\">[vc_row_inner css=&#8221;.vc_custom_1472040430171{margin-bottom: 0px !important;padding-bottom: 0px !important;}&#8221;][vc_column_inner width=&#8221;1\/2&#8243;][\/vc_column_inner][vc_column_inner width=&#8221;1\/2&#8243;][vc_column_text]<\/p>\n<h2>7 SINS<\/h2>\n<p>[\/vc_column_text]<div class=\"clearboth\"><\/div><div class=\"gem-divider \" style=\"margin-top: 30px;\"><\/div>[vc_separator color=&#8221;custom&#8221; align=&#8221;align_left&#8221; border_width=&#8221;2&#8243; el_width=&#8221;20&#8243; accent_color=&#8221;#ff8282&#8243;]<div class=\"clearboth\"><\/div><div class=\"gem-divider \" style=\"margin-top: 47px;\"><\/div>[vc_column_text]In this show you will not resist the seductive character of our dancers!<\/p>\n<p>The artists will take you to the vortex of sin, passion and predatory femininity. Each of the artists will be the impersonation of one of the seven deadly sins.<\/p>\n<p>Lust, gluttony, greed, sloth, wrath, envy orpride &#8211; which of them will take over you the most?[\/vc_column_text][vc_column_text]See also: <a href=\"https:\/\/www.ateliegrupa.pl\/en\/artistic-offer\/specialized-shows\/\">Special shows<\/a> \/ <a href=\"https:\/\/www.ateliegrupa.pl\/en\/artistic-offer\/acrobatic-shows\">Acrobatic show<\/a><\/p>\n<p>If you want to receive a full offer, please contact:\u00a0<a href=\"mailto:biuro@ateliegrupa.pl?subject=Zapytanie%20ze%20strony\" target=\"_blank\" rel=\"noopener\">biuro@ateliegrupa.pl<\/a>[\/vc_column_text][\/vc_column_inner][\/vc_row_inner]<\/div><\/div><\/div>[\/vc_column][\/vc_row][vc_row css=&#8221;.vc_custom_1496276468396{margin-bottom: 0px !important;}&#8221;][vc_column css=&#8221;.vc_custom_1472040471074{margin-bottom: 0px !important;padding-bottom: 0px !important;}&#8221;]<div id=\"fullwidth-block-69e23cb32d362\" class=\"fullwidth-block clearfix\"  style=\"padding-top: 70px;padding-bottom: 160px;\"><script type=\"text\/javascript\">if (typeof(gem_fix_fullwidth_position) == \"function\") { gem_fix_fullwidth_position(document.getElementById(\"fullwidth-block-69e23cb32d362\")); }<\/script><div class=\"fullwidth-block-background\" style=\"background-image: url(https:\/\/www.ateliegrupa.pl\/wp-content\/uploads\/2017\/06\/background-film-show.jpg);background-repeat: no-repeat; background-size: cover;background-position: center top;\"><\/div><div class=\"fullwidth-block-inner\"><div class=\"container\">[vc_row_inner css=&#8221;.vc_custom_1472040430171{margin-bottom: 0px !important;padding-bottom: 0px !important;}&#8221;][vc_column_inner width=&#8221;1\/2&#8243;][vc_column_text]<\/p>\n<h2>FILM SHOW<\/h2>\n<p>[\/vc_column_text]<div class=\"clearboth\"><\/div><div class=\"gem-divider \" style=\"margin-top: 30px;\"><\/div>[vc_separator color=&#8221;custom&#8221; align=&#8221;align_left&#8221; border_width=&#8221;2&#8243; el_width=&#8221;20&#8243; accent_color=&#8221;#ff8282&#8243;]<div class=\"clearboth\"><\/div><div class=\"gem-divider \" style=\"margin-top: 47px;\"><\/div>[vc_column_text]It is an ideal proposal for artistic setting for theme events in a cinematographic atmosphere. If you dream of a secret mission alongside James Bond, discovering the farthest corners of the World with Pirates of the Caribbean oran unforgettable party at the Great Gatsby\u2019s \u2013 our companion is mandatory![\/vc_column_text][vc_column_text]See also: <a href=\"https:\/\/www.ateliegrupa.pl\/en\/artistic-offer\/specialized-shows\/\">Special shows<\/a> \/ <a href=\"https:\/\/www.ateliegrupa.pl\/en\/artistic-offer\/acrobatic-shows\">Acrobatic show<\/a><\/p>\n<p>If you want to receive a full offer, please contact:\u00a0<a href=\"mailto:biuro@ateliegrupa.pl?subject=Zapytanie%20ze%20strony\" target=\"_blank\" rel=\"noopener\">biuro@ateliegrupa.pl<\/a>[\/vc_column_text][\/vc_column_inner][vc_column_inner width=&#8221;1\/2&#8243;][\/vc_column_inner][\/vc_row_inner]<\/div><\/div><\/div>[\/vc_column][\/vc_row][vc_row css=&#8221;.vc_custom_1496276468396{margin-bottom: 0px !important;}&#8221;][vc_column css=&#8221;.vc_custom_1472040471074{margin-bottom: 0px !important;padding-bottom: 0px !important;}&#8221;]<div id=\"fullwidth-block-69e23cb32d510\" class=\"fullwidth-block clearfix\"  style=\"padding-top: 70px;padding-bottom: 160px;\"><script type=\"text\/javascript\">if (typeof(gem_fix_fullwidth_position) == \"function\") { gem_fix_fullwidth_position(document.getElementById(\"fullwidth-block-69e23cb32d510\")); }<\/script><div class=\"fullwidth-block-background\" style=\"background-image: url(https:\/\/www.ateliegrupa.pl\/wp-content\/uploads\/2017\/06\/background-premiery-samochodowe.jpg);background-repeat: no-repeat; background-size: cover;background-position: center top;\"><\/div><div class=\"fullwidth-block-inner\"><div class=\"container\">[vc_row_inner css=&#8221;.vc_custom_1472040430171{margin-bottom: 0px !important;padding-bottom: 0px !important;}&#8221;][vc_column_inner width=&#8221;1\/2&#8243;][\/vc_column_inner][vc_column_inner width=&#8221;1\/2&#8243;][vc_column_text]<\/p>\n<h2>Car&#8217;s Premieres<\/h2>\n<p>[\/vc_column_text]<div class=\"clearboth\"><\/div><div class=\"gem-divider \" style=\"margin-top: 30px;\"><\/div>[vc_separator color=&#8221;custom&#8221; align=&#8221;align_left&#8221; border_width=&#8221;2&#8243; el_width=&#8221;20&#8243; accent_color=&#8221;#ff8282&#8243;]<div class=\"clearboth\"><\/div><div class=\"gem-divider \" style=\"margin-top: 47px;\"><\/div>[vc_column_text]Opening a new car dealer showroom or presentation of a car\u2019s new model &#8211; such events need a proper artistic setting. We guarantee that your guests will be delighted and the event will surely stay in their memory fora long time! Our artists in an exclusively prepared choreography will build the right atmosphere with special suspense, awaiting the climax of your event.[\/vc_column_text][vc_column_text]See also: <a href=\"https:\/\/www.ateliegrupa.pl\/en\/artistic-offer\/specialized-shows\/\">Special shows<\/a> \/ <a href=\"https:\/\/www.ateliegrupa.pl\/en\/artistic-offer\/acrobatic-shows\">Acrobatic show<\/a><\/p>\n<p>If you want to receive a full offer, please contact:\u00a0<a href=\"mailto:biuro@ateliegrupa.pl?subject=Zapytanie%20ze%20strony\" target=\"_blank\" rel=\"noopener\">biuro@ateliegrupa.pl<\/a>[\/vc_column_text][\/vc_column_inner][\/vc_row_inner]<\/div><\/div><\/div>[\/vc_column][\/vc_row][vc_row css=&#8221;.vc_custom_1496276468396{margin-bottom: 0px !important;}&#8221;][vc_column css=&#8221;.vc_custom_1472040471074{margin-bottom: 0px !important;padding-bottom: 0px !important;}&#8221;]<div id=\"fullwidth-block-69e23cb32d62c\" class=\"fullwidth-block clearfix\"  style=\"padding-top: 70px;padding-bottom: 160px;\"><script type=\"text\/javascript\">if (typeof(gem_fix_fullwidth_position) == \"function\") { gem_fix_fullwidth_position(document.getElementById(\"fullwidth-block-69e23cb32d62c\")); }<\/script><div class=\"fullwidth-block-background\" style=\"background-image: url(https:\/\/www.ateliegrupa.pl\/wp-content\/uploads\/2017\/06\/background-champagne-show.jpg);background-repeat: no-repeat; background-size: cover;background-position: center top;\"><\/div><div class=\"fullwidth-block-inner\"><div class=\"container\">[vc_row_inner css=&#8221;.vc_custom_1472040430171{margin-bottom: 0px !important;padding-bottom: 0px !important;}&#8221;][vc_column_inner width=&#8221;1\/2&#8243;][vc_column_text]<\/p>\n<h2>CHAMPAGNE SHOW<\/h2>\n<p>[\/vc_column_text]<div class=\"clearboth\"><\/div><div class=\"gem-divider \" style=\"margin-top: 30px;\"><\/div>[vc_separator color=&#8221;custom&#8221; align=&#8221;align_left&#8221; border_width=&#8221;2&#8243; el_width=&#8221;20&#8243; accent_color=&#8221;#ff8282&#8243;]<div class=\"clearboth\"><\/div><div class=\"gem-divider \" style=\"margin-top: 47px;\"><\/div>[vc_column_text]We would like to present you an extremely lady like dance show with the usage of unique props and requisites, such as huge champagne goblets. You have not seen anything so spectacular yet!<\/p>\n<p>It&#8217;s the magic of luxury, elegance and sensual femininity enchanted in dance. You will see beautiful dancers in charismatic choreography using chalices, pearls, diamonds, rose petals and everything that glosses, shines, sparkles and stuns.<\/p>\n<p>You will not detach your eyes from delightful dancers dressed in luminous, crystalline, diamond- decorated dresses.[\/vc_column_text][vc_column_text]See also: <a href=\"https:\/\/www.ateliegrupa.pl\/en\/artistic-offer\/specialized-shows\/\">Special shows<\/a> \/ <a href=\"https:\/\/www.ateliegrupa.pl\/en\/artistic-offer\/acrobatic-shows\">Acrobatic show<\/a><\/p>\n<p>If you want to receive a full offer, please contact:\u00a0<a href=\"mailto:biuro@ateliegrupa.pl?subject=Zapytanie%20ze%20strony\" target=\"_blank\" rel=\"noopener\">biuro@ateliegrupa.pl<\/a>[\/vc_column_text][\/vc_column_inner][vc_column_inner width=&#8221;1\/2&#8243;][\/vc_column_inner][\/vc_row_inner]<\/div><\/div><\/div>[\/vc_column][\/vc_row]<\/p>\n","protected":false},"excerpt":{"rendered":"<p>[vc_row css=&#8221;.vc_custom_1496276462609{margin-bottom: 0px !important;}&#8221;][vc_column css=&#8221;.vc_custom_1472040471074{margin-bottom: 0px !important;padding-bottom: 0px !important;}&#8221;][\/vc_column][\/vc_row][vc_row css=&#8221;.vc_custom_1496276468396{margin-bottom: 0px !important;}&#8221;][vc_column css=&#8221;.vc_custom_1472040471074{margin-bottom: 0px !important;padding-bottom: 0px !important;}&#8221;][\/vc_column][\/vc_row][vc_row css=&#8221;.vc_custom_1496276468396{margin-bottom: 0px !important;}&#8221;][vc_column&#8230;<\/p>\n","protected":false},"author":1,"featured_media":0,"parent":30545,"menu_order":0,"comment_status":"closed","ping_status":"closed","template":"","meta":{"_mi_skip_tracking":false,"_exactmetrics_sitenote_active":false,"_exactmetrics_sitenote_note":"","_exactmetrics_sitenote_category":0},"yoast_head":"<!-- This site is optimized with the Yoast SEO plugin v17.7.1 - https:\/\/yoast.com\/wordpress\/plugins\/seo\/ -->\n<title>Dance Shows - Dance Group Atelie<\/title>\n<meta name=\"description\" content=\"Dance madness \u2013 show performed by professional dancers is the bestway to make each event more attractive. In its wide offerrange, Ateliegroup has artisticprojects such as.\" \/>\n<meta name=\"robots\" content=\"index, follow, max-snippet:-1, max-image-preview:large, max-video-preview:-1\" \/>\n<link rel=\"canonical\" href=\"https:\/\/www.ateliegrupa.pl\/en\/artistic-offer\/dance-shows\/\" \/>\n<meta property=\"og:locale\" content=\"en_US\" \/>\n<meta property=\"og:type\" content=\"article\" \/>\n<meta property=\"og:title\" content=\"Dance Shows - Dance Group Atelie\" \/>\n<meta property=\"og:description\" content=\"Dance madness \u2013 show performed by professional dancers is the bestway to make each event more attractive. In its wide offerrange, Ateliegroup has artisticprojects such as.\" \/>\n<meta property=\"og:url\" content=\"https:\/\/www.ateliegrupa.pl\/en\/artistic-offer\/dance-shows\/\" \/>\n<meta property=\"og:site_name\" content=\"Atelie Grupa Taneczna\" \/>\n<meta property=\"article:modified_time\" content=\"2018-04-26T16:15:43+00:00\" \/>\n<meta name=\"twitter:card\" content=\"summary\" \/>\n<meta name=\"twitter:label1\" content=\"Est. reading time\" \/>\n\t<meta name=\"twitter:data1\" content=\"6 minutes\" \/>\n<script type=\"application\/ld+json\" class=\"yoast-schema-graph\">{\"@context\":\"https:\/\/schema.org\",\"@graph\":[{\"@type\":\"WebSite\",\"@id\":\"https:\/\/www.ateliegrupa.pl\/#website\",\"url\":\"https:\/\/www.ateliegrupa.pl\/\",\"name\":\"Atelie Grupa Taneczna\",\"description\":\"Z najwi\\u0119ksz\\u0105 przyjemno\\u015bci\\u0105 prezentujemy Pa\\u0144stwu Grup\\u0119 Taneczno-Akrobatyczn\\u0105 ATELIE.\",\"potentialAction\":[{\"@type\":\"SearchAction\",\"target\":{\"@type\":\"EntryPoint\",\"urlTemplate\":\"https:\/\/www.ateliegrupa.pl\/?s={search_term_string}\"},\"query-input\":\"required name=search_term_string\"}],\"inLanguage\":\"en-US\"},{\"@type\":\"WebPage\",\"@id\":\"https:\/\/www.ateliegrupa.pl\/en\/artistic-offer\/dance-shows\/#webpage\",\"url\":\"https:\/\/www.ateliegrupa.pl\/en\/artistic-offer\/dance-shows\/\",\"name\":\"Dance Shows - Dance Group Atelie\",\"isPartOf\":{\"@id\":\"https:\/\/www.ateliegrupa.pl\/#website\"},\"datePublished\":\"2018-04-19T17:15:03+00:00\",\"dateModified\":\"2018-04-26T16:15:43+00:00\",\"description\":\"Dance madness \\u2013 show performed by professional dancers is the bestway to make each event more attractive. In its wide offerrange, Ateliegroup has artisticprojects such as.\",\"breadcrumb\":{\"@id\":\"https:\/\/www.ateliegrupa.pl\/en\/artistic-offer\/dance-shows\/#breadcrumb\"},\"inLanguage\":\"en-US\",\"potentialAction\":[{\"@type\":\"ReadAction\",\"target\":[\"https:\/\/www.ateliegrupa.pl\/en\/artistic-offer\/dance-shows\/\"]}]},{\"@type\":\"BreadcrumbList\",\"@id\":\"https:\/\/www.ateliegrupa.pl\/en\/artistic-offer\/dance-shows\/#breadcrumb\",\"itemListElement\":[{\"@type\":\"ListItem\",\"position\":1,\"name\":\"Strona g\\u0142\\u00f3wna\",\"item\":\"https:\/\/www.ateliegrupa.pl\/en\/\"},{\"@type\":\"ListItem\",\"position\":2,\"name\":\"Artistic Offer\",\"item\":\"https:\/\/www.ateliegrupa.pl\/en\/artistic-offer\/\"},{\"@type\":\"ListItem\",\"position\":3,\"name\":\"Dance Shows\"}]}]}<\/script>\n<!-- \/ Yoast SEO plugin. -->","yoast_head_json":{"title":"Dance Shows - Dance Group Atelie","description":"Dance madness \u2013 show performed by professional dancers is the bestway to make each event more attractive. In its wide offerrange, Ateliegroup has artisticprojects such as.","robots":{"index":"index","follow":"follow","max-snippet":"max-snippet:-1","max-image-preview":"max-image-preview:large","max-video-preview":"max-video-preview:-1"},"canonical":"https:\/\/www.ateliegrupa.pl\/en\/artistic-offer\/dance-shows\/","og_locale":"en_US","og_type":"article","og_title":"Dance Shows - Dance Group Atelie","og_description":"Dance madness \u2013 show performed by professional dancers is the bestway to make each event more attractive. In its wide offerrange, Ateliegroup has artisticprojects such as.","og_url":"https:\/\/www.ateliegrupa.pl\/en\/artistic-offer\/dance-shows\/","og_site_name":"Atelie Grupa Taneczna","article_modified_time":"2018-04-26T16:15:43+00:00","twitter_card":"summary","twitter_misc":{"Est. reading time":"6 minutes"},"schema":{"@context":"https:\/\/schema.org","@graph":[{"@type":"WebSite","@id":"https:\/\/www.ateliegrupa.pl\/#website","url":"https:\/\/www.ateliegrupa.pl\/","name":"Atelie Grupa Taneczna","description":"Z najwi\u0119ksz\u0105 przyjemno\u015bci\u0105 prezentujemy Pa\u0144stwu Grup\u0119 Taneczno-Akrobatyczn\u0105 ATELIE.","potentialAction":[{"@type":"SearchAction","target":{"@type":"EntryPoint","urlTemplate":"https:\/\/www.ateliegrupa.pl\/?s={search_term_string}"},"query-input":"required name=search_term_string"}],"inLanguage":"en-US"},{"@type":"WebPage","@id":"https:\/\/www.ateliegrupa.pl\/en\/artistic-offer\/dance-shows\/#webpage","url":"https:\/\/www.ateliegrupa.pl\/en\/artistic-offer\/dance-shows\/","name":"Dance Shows - Dance Group Atelie","isPartOf":{"@id":"https:\/\/www.ateliegrupa.pl\/#website"},"datePublished":"2018-04-19T17:15:03+00:00","dateModified":"2018-04-26T16:15:43+00:00","description":"Dance madness \u2013 show performed by professional dancers is the bestway to make each event more attractive. In its wide offerrange, Ateliegroup has artisticprojects such as.","breadcrumb":{"@id":"https:\/\/www.ateliegrupa.pl\/en\/artistic-offer\/dance-shows\/#breadcrumb"},"inLanguage":"en-US","potentialAction":[{"@type":"ReadAction","target":["https:\/\/www.ateliegrupa.pl\/en\/artistic-offer\/dance-shows\/"]}]},{"@type":"BreadcrumbList","@id":"https:\/\/www.ateliegrupa.pl\/en\/artistic-offer\/dance-shows\/#breadcrumb","itemListElement":[{"@type":"ListItem","position":1,"name":"Strona g\u0142\u00f3wna","item":"https:\/\/www.ateliegrupa.pl\/en\/"},{"@type":"ListItem","position":2,"name":"Artistic Offer","item":"https:\/\/www.ateliegrupa.pl\/en\/artistic-offer\/"},{"@type":"ListItem","position":3,"name":"Dance Shows"}]}]}},"_links":{"self":[{"href":"https:\/\/www.ateliegrupa.pl\/en\/wp-json\/wp\/v2\/pages\/30554"}],"collection":[{"href":"https:\/\/www.ateliegrupa.pl\/en\/wp-json\/wp\/v2\/pages"}],"about":[{"href":"https:\/\/www.ateliegrupa.pl\/en\/wp-json\/wp\/v2\/types\/page"}],"author":[{"embeddable":true,"href":"https:\/\/www.ateliegrupa.pl\/en\/wp-json\/wp\/v2\/users\/1"}],"replies":[{"embeddable":true,"href":"https:\/\/www.ateliegrupa.pl\/en\/wp-json\/wp\/v2\/comments?post=30554"}],"version-history":[{"count":4,"href":"https:\/\/www.ateliegrupa.pl\/en\/wp-json\/wp\/v2\/pages\/30554\/revisions"}],"predecessor-version":[{"id":30666,"href":"https:\/\/www.ateliegrupa.pl\/en\/wp-json\/wp\/v2\/pages\/30554\/revisions\/30666"}],"up":[{"embeddable":true,"href":"https:\/\/www.ateliegrupa.pl\/en\/wp-json\/wp\/v2\/pages\/30545"}],"wp:attachment":[{"href":"https:\/\/www.ateliegrupa.pl\/en\/wp-json\/wp\/v2\/media?parent=30554"}],"curies":[{"name":"wp","href":"https:\/\/api.w.org\/{rel}","templated":true}]}}