{"id":30545,"date":"2018-04-19T19:00:35","date_gmt":"2018-04-19T17:00:35","guid":{"rendered":"https:\/\/www.ateliegrupa.pl\/?page_id=30545"},"modified":"2018-04-26T18:20:50","modified_gmt":"2018-04-26T16:20:50","slug":"artistic-offer","status":"publish","type":"page","link":"https:\/\/www.ateliegrupa.pl\/en\/artistic-offer\/","title":{"rendered":"Artistic Offer"},"content":{"rendered":"<p>[vc_row css=&#8221;.vc_custom_1496276462609{margin-bottom: 0px !important;}&#8221;][vc_column css=&#8221;.vc_custom_1472040471074{margin-bottom: 0px !important;padding-bottom: 0px !important;}&#8221;]<div id=\"fullwidth-block-69d504712362b\" class=\"fullwidth-block clearfix\"  style=\"padding-top: 70px;padding-bottom: 160px;\"><script type=\"text\/javascript\">if (typeof(gem_fix_fullwidth_position) == \"function\") { gem_fix_fullwidth_position(document.getElementById(\"fullwidth-block-69d504712362b\")); }<\/script><div class=\"fullwidth-block-background\" style=\"background-image: url(https:\/\/www.ateliegrupa.pl\/wp-content\/uploads\/2017\/06\/background-oferta-artystyczna.jpg);background-repeat: no-repeat; background-size: cover;background-position: center top;\"><\/div><div class=\"fullwidth-block-inner\"><div class=\"container\">[vc_row_inner css=&#8221;.vc_custom_1472040430171{margin-bottom: 0px !important;padding-bottom: 0px !important;}&#8221;][vc_column_inner width=&#8221;1\/2&#8243;][\/vc_column_inner][vc_column_inner width=&#8221;1\/2&#8243;][vc_column_text]<\/p>\n<h1>Artistic Offer<\/h1>\n<p>[\/vc_column_text]<div class=\"clearboth\"><\/div><div class=\"gem-divider \" style=\"margin-top: 30px;\"><\/div>[vc_separator color=&#8221;custom&#8221; align=&#8221;align_left&#8221; border_width=&#8221;2&#8243; el_width=&#8221;20&#8243; accent_color=&#8221;#ff8282&#8243;]<div class=\"clearboth\"><\/div><div class=\"gem-divider \" style=\"margin-top: 47px;\"><\/div>[\/vc_column_inner][\/vc_row_inner]<\/div><\/div><\/div>[\/vc_column][\/vc_row][vc_row css=&#8221;.vc_custom_1496276462609{margin-bottom: 0px !important;}&#8221;][vc_column css=&#8221;.vc_custom_1472040471074{margin-bottom: 0px !important;padding-bottom: 0px !important;}&#8221;]<div id=\"fullwidth-block-69d504712395e\" class=\"fullwidth-block clearfix\"  style=\"padding-top: 70px;padding-bottom: 160px;\"><script type=\"text\/javascript\">if (typeof(gem_fix_fullwidth_position) == \"function\") { gem_fix_fullwidth_position(document.getElementById(\"fullwidth-block-69d504712395e\")); }<\/script><div class=\"fullwidth-block-background\" style=\"background-image: url(https:\/\/www.ateliegrupa.pl\/wp-content\/uploads\/2017\/06\/background-pokazy-taneczne.jpg);background-repeat: no-repeat; background-size: cover;background-position: center top;\"><\/div><div class=\"fullwidth-block-inner\"><div class=\"container\">[vc_row_inner css=&#8221;.vc_custom_1472040430171{margin-bottom: 0px !important;padding-bottom: 0px !important;}&#8221;][vc_column_inner width=&#8221;1\/2&#8243;][vc_column_text]<\/p>\n<h2>Dance Shows<\/h2>\n<p>[\/vc_column_text]<div class=\"clearboth\"><\/div><div class=\"gem-divider \" style=\"margin-top: 30px;\"><\/div>[vc_separator color=&#8221;custom&#8221; align=&#8221;align_left&#8221; border_width=&#8221;2&#8243; el_width=&#8221;20&#8243; accent_color=&#8221;#ff8282&#8243;]<div class=\"clearboth\"><\/div><div class=\"gem-divider \" style=\"margin-top: 47px;\"><\/div><div class=\"gem-button-container gem-button-position-left\"><a class=\"gem-button gem-button-size-small gem-button-style-flat gem-button-text-weight-normal\" style=\"border-radius: 0px;background-color: #ff8282;color: #ffffff;\" onmouseleave=\"this.style.backgroundColor='#ff8282';this.style.color='#ffffff';\" onmouseenter=\"this.style.backgroundColor='#ffffff';this.style.color='#ff8282';\" href=\"http:\/\/ateliegrupa.pl\/en\/dance-shows\/\" target=\"_self\">Check more<\/a><\/div> [\/vc_column_inner][vc_column_inner width=&#8221;1\/2&#8243;][\/vc_column_inner][\/vc_row_inner]<\/div><\/div><\/div>[\/vc_column][\/vc_row][vc_row css=&#8221;.vc_custom_1496276468396{margin-bottom: 0px !important;}&#8221;][vc_column css=&#8221;.vc_custom_1472040471074{margin-bottom: 0px !important;padding-bottom: 0px !important;}&#8221;]<div id=\"fullwidth-block-69d5047123b5a\" class=\"fullwidth-block clearfix\"  style=\"padding-top: 70px;padding-bottom: 160px;\"><script type=\"text\/javascript\">if (typeof(gem_fix_fullwidth_position) == \"function\") { gem_fix_fullwidth_position(document.getElementById(\"fullwidth-block-69d5047123b5a\")); }<\/script><div class=\"fullwidth-block-background\" style=\"background-image: url(https:\/\/www.ateliegrupa.pl\/wp-content\/uploads\/2017\/06\/background-pokazy-specjalne.jpg);background-repeat: no-repeat; background-size: cover;background-position: center top;\"><\/div><div class=\"fullwidth-block-inner\"><div class=\"container\">[vc_row_inner css=&#8221;.vc_custom_1472040430171{margin-bottom: 0px !important;padding-bottom: 0px !important;}&#8221;][vc_column_inner width=&#8221;1\/2&#8243;][\/vc_column_inner][vc_column_inner width=&#8221;1\/2&#8243;][vc_column_text]<\/p>\n<h2>Specialized Shows<\/h2>\n<p>[\/vc_column_text]<div class=\"clearboth\"><\/div><div class=\"gem-divider \" style=\"margin-top: 30px;\"><\/div>[vc_separator color=&#8221;custom&#8221; align=&#8221;align_left&#8221; border_width=&#8221;2&#8243; el_width=&#8221;20&#8243; accent_color=&#8221;#ff8282&#8243;]<div class=\"clearboth\"><\/div><div class=\"gem-divider \" style=\"margin-top: 47px;\"><\/div><div class=\"gem-button-container gem-button-position-left\"><a class=\"gem-button gem-button-size-small gem-button-style-flat gem-button-text-weight-normal\" style=\"border-radius: 0px;background-color: #ff8282;color: #ffffff;\" onmouseleave=\"this.style.backgroundColor='#ff8282';this.style.color='#ffffff';\" onmouseenter=\"this.style.backgroundColor='#ffffff';this.style.color='#ff8282';\" href=\"http:\/\/ateliegrupa.pl\/en\/specialized-shows\/\" target=\"_self\">Check more<\/a><\/div> [\/vc_column_inner][\/vc_row_inner]<\/div><\/div><\/div>[\/vc_column][\/vc_row][vc_row css=&#8221;.vc_custom_1496276468396{margin-bottom: 0px !important;}&#8221;][vc_column css=&#8221;.vc_custom_1472040471074{margin-bottom: 0px !important;padding-bottom: 0px !important;}&#8221;]<div id=\"fullwidth-block-69d5047123ce3\" class=\"fullwidth-block clearfix\"  style=\"padding-top: 70px;padding-bottom: 160px;\"><script type=\"text\/javascript\">if (typeof(gem_fix_fullwidth_position) == \"function\") { gem_fix_fullwidth_position(document.getElementById(\"fullwidth-block-69d5047123ce3\")); }<\/script><div class=\"fullwidth-block-background\" style=\"background-image: url(https:\/\/www.ateliegrupa.pl\/wp-content\/uploads\/2017\/06\/background-show-akrobatyczne.jpg);background-repeat: no-repeat; background-size: cover;background-position: center top;\"><\/div><div class=\"fullwidth-block-inner\"><div class=\"container\">[vc_row_inner css=&#8221;.vc_custom_1472040430171{margin-bottom: 0px !important;padding-bottom: 0px !important;}&#8221;][vc_column_inner width=&#8221;1\/2&#8243;][vc_column_text]<\/p>\n<h2>Acrobatic Show<\/h2>\n<p>[\/vc_column_text]<div class=\"clearboth\"><\/div><div class=\"gem-divider \" style=\"margin-top: 30px;\"><\/div>[vc_separator color=&#8221;custom&#8221; align=&#8221;align_left&#8221; border_width=&#8221;2&#8243; el_width=&#8221;20&#8243; accent_color=&#8221;#ff8282&#8243;]<div class=\"clearboth\"><\/div><div class=\"gem-divider \" style=\"margin-top: 47px;\"><\/div><div class=\"gem-button-container gem-button-position-left\"><a class=\"gem-button gem-button-size-small gem-button-style-flat gem-button-text-weight-normal\" style=\"border-radius: 0px;background-color: #ff8282;color: #ffffff;\" onmouseleave=\"this.style.backgroundColor='#ff8282';this.style.color='#ffffff';\" onmouseenter=\"this.style.backgroundColor='#ffffff';this.style.color='#ff8282';\" href=\"http:\/\/ateliegrupa.pl\/en\/acrobatic-shows\/\" target=\"_self\">Check more<\/a><\/div> [\/vc_column_inner][vc_column_inner width=&#8221;1\/2&#8243;][\/vc_column_inner][\/vc_row_inner]<\/div><\/div><\/div>[\/vc_column][\/vc_row]<\/p>\n","protected":false},"excerpt":{"rendered":"<p>[vc_row css=&#8221;.vc_custom_1496276462609{margin-bottom: 0px !important;}&#8221;][vc_column css=&#8221;.vc_custom_1472040471074{margin-bottom: 0px !important;padding-bottom: 0px !important;}&#8221;][\/vc_column][\/vc_row][vc_row css=&#8221;.vc_custom_1496276462609{margin-bottom: 0px !important;}&#8221;][vc_column css=&#8221;.vc_custom_1472040471074{margin-bottom: 0px !important;padding-bottom: 0px !important;}&#8221;][\/vc_column][\/vc_row][vc_row css=&#8221;.vc_custom_1496276468396{margin-bottom: 0px !important;}&#8221;][vc_column&#8230;<\/p>\n","protected":false},"author":1,"featured_media":0,"parent":0,"menu_order":0,"comment_status":"closed","ping_status":"closed","template":"","meta":{"_mi_skip_tracking":false,"_exactmetrics_sitenote_active":false,"_exactmetrics_sitenote_note":"","_exactmetrics_sitenote_category":0},"yoast_head":"<!-- This site is optimized with the Yoast SEO plugin v17.7.1 - https:\/\/yoast.com\/wordpress\/plugins\/seo\/ -->\n<title>Artistic Offer - Dance Group Atelie<\/title>\n<meta name=\"description\" content=\"ATELIE is not only a dance group. It is mainly 11 years of experience created by a dancer\u2019s lineup, artists and choreographers full of passion for their work. Each performance is unique and we prepare for it with strong diligence. Nothing gives us such pleasure as the smile, happiness and satisfaction of our customer.\" \/>\n<meta name=\"robots\" content=\"index, follow, max-snippet:-1, max-image-preview:large, max-video-preview:-1\" \/>\n<link rel=\"canonical\" href=\"https:\/\/www.ateliegrupa.pl\/en\/artistic-offer\/\" \/>\n<meta property=\"og:locale\" content=\"en_US\" \/>\n<meta property=\"og:type\" content=\"article\" \/>\n<meta property=\"og:title\" content=\"Artistic Offer - Dance Group Atelie\" \/>\n<meta property=\"og:description\" content=\"ATELIE is not only a dance group. It is mainly 11 years of experience created by a dancer\u2019s lineup, artists and choreographers full of passion for their work. Each performance is unique and we prepare for it with strong diligence. Nothing gives us such pleasure as the smile, happiness and satisfaction of our customer.\" \/>\n<meta property=\"og:url\" content=\"https:\/\/www.ateliegrupa.pl\/en\/artistic-offer\/\" \/>\n<meta property=\"og:site_name\" content=\"Atelie Grupa Taneczna\" \/>\n<meta property=\"article:modified_time\" content=\"2018-04-26T16:20:50+00:00\" \/>\n<meta name=\"twitter:card\" content=\"summary\" \/>\n<meta name=\"twitter:label1\" content=\"Est. reading time\" \/>\n\t<meta name=\"twitter:data1\" content=\"2 minutes\" \/>\n<script type=\"application\/ld+json\" class=\"yoast-schema-graph\">{\"@context\":\"https:\/\/schema.org\",\"@graph\":[{\"@type\":\"WebSite\",\"@id\":\"https:\/\/www.ateliegrupa.pl\/#website\",\"url\":\"https:\/\/www.ateliegrupa.pl\/\",\"name\":\"Atelie Grupa Taneczna\",\"description\":\"Z najwi\\u0119ksz\\u0105 przyjemno\\u015bci\\u0105 prezentujemy Pa\\u0144stwu Grup\\u0119 Taneczno-Akrobatyczn\\u0105 ATELIE.\",\"potentialAction\":[{\"@type\":\"SearchAction\",\"target\":{\"@type\":\"EntryPoint\",\"urlTemplate\":\"https:\/\/www.ateliegrupa.pl\/?s={search_term_string}\"},\"query-input\":\"required name=search_term_string\"}],\"inLanguage\":\"en-US\"},{\"@type\":\"WebPage\",\"@id\":\"https:\/\/www.ateliegrupa.pl\/en\/artistic-offer\/#webpage\",\"url\":\"https:\/\/www.ateliegrupa.pl\/en\/artistic-offer\/\",\"name\":\"Artistic Offer - Dance Group Atelie\",\"isPartOf\":{\"@id\":\"https:\/\/www.ateliegrupa.pl\/#website\"},\"datePublished\":\"2018-04-19T17:00:35+00:00\",\"dateModified\":\"2018-04-26T16:20:50+00:00\",\"description\":\"ATELIE is not only a dance group. It is mainly 11 years of experience created by a dancer\\u2019s lineup, artists and choreographers full of passion for their work. Each performance is unique and we prepare for it with strong diligence. Nothing gives us such pleasure as the smile, happiness and satisfaction of our customer.\",\"breadcrumb\":{\"@id\":\"https:\/\/www.ateliegrupa.pl\/en\/artistic-offer\/#breadcrumb\"},\"inLanguage\":\"en-US\",\"potentialAction\":[{\"@type\":\"ReadAction\",\"target\":[\"https:\/\/www.ateliegrupa.pl\/en\/artistic-offer\/\"]}]},{\"@type\":\"BreadcrumbList\",\"@id\":\"https:\/\/www.ateliegrupa.pl\/en\/artistic-offer\/#breadcrumb\",\"itemListElement\":[{\"@type\":\"ListItem\",\"position\":1,\"name\":\"Strona g\\u0142\\u00f3wna\",\"item\":\"https:\/\/www.ateliegrupa.pl\/en\/\"},{\"@type\":\"ListItem\",\"position\":2,\"name\":\"Artistic Offer\"}]}]}<\/script>\n<!-- \/ Yoast SEO plugin. -->","yoast_head_json":{"title":"Artistic Offer - Dance Group Atelie","description":"ATELIE is not only a dance group. It is mainly 11 years of experience created by a dancer\u2019s lineup, artists and choreographers full of passion for their work. Each performance is unique and we prepare for it with strong diligence. Nothing gives us such pleasure as the smile, happiness and satisfaction of our customer.","robots":{"index":"index","follow":"follow","max-snippet":"max-snippet:-1","max-image-preview":"max-image-preview:large","max-video-preview":"max-video-preview:-1"},"canonical":"https:\/\/www.ateliegrupa.pl\/en\/artistic-offer\/","og_locale":"en_US","og_type":"article","og_title":"Artistic Offer - Dance Group Atelie","og_description":"ATELIE is not only a dance group. It is mainly 11 years of experience created by a dancer\u2019s lineup, artists and choreographers full of passion for their work. Each performance is unique and we prepare for it with strong diligence. Nothing gives us such pleasure as the smile, happiness and satisfaction of our customer.","og_url":"https:\/\/www.ateliegrupa.pl\/en\/artistic-offer\/","og_site_name":"Atelie Grupa Taneczna","article_modified_time":"2018-04-26T16:20:50+00:00","twitter_card":"summary","twitter_misc":{"Est. reading time":"2 minutes"},"schema":{"@context":"https:\/\/schema.org","@graph":[{"@type":"WebSite","@id":"https:\/\/www.ateliegrupa.pl\/#website","url":"https:\/\/www.ateliegrupa.pl\/","name":"Atelie Grupa Taneczna","description":"Z najwi\u0119ksz\u0105 przyjemno\u015bci\u0105 prezentujemy Pa\u0144stwu Grup\u0119 Taneczno-Akrobatyczn\u0105 ATELIE.","potentialAction":[{"@type":"SearchAction","target":{"@type":"EntryPoint","urlTemplate":"https:\/\/www.ateliegrupa.pl\/?s={search_term_string}"},"query-input":"required name=search_term_string"}],"inLanguage":"en-US"},{"@type":"WebPage","@id":"https:\/\/www.ateliegrupa.pl\/en\/artistic-offer\/#webpage","url":"https:\/\/www.ateliegrupa.pl\/en\/artistic-offer\/","name":"Artistic Offer - Dance Group Atelie","isPartOf":{"@id":"https:\/\/www.ateliegrupa.pl\/#website"},"datePublished":"2018-04-19T17:00:35+00:00","dateModified":"2018-04-26T16:20:50+00:00","description":"ATELIE is not only a dance group. It is mainly 11 years of experience created by a dancer\u2019s lineup, artists and choreographers full of passion for their work. Each performance is unique and we prepare for it with strong diligence. Nothing gives us such pleasure as the smile, happiness and satisfaction of our customer.","breadcrumb":{"@id":"https:\/\/www.ateliegrupa.pl\/en\/artistic-offer\/#breadcrumb"},"inLanguage":"en-US","potentialAction":[{"@type":"ReadAction","target":["https:\/\/www.ateliegrupa.pl\/en\/artistic-offer\/"]}]},{"@type":"BreadcrumbList","@id":"https:\/\/www.ateliegrupa.pl\/en\/artistic-offer\/#breadcrumb","itemListElement":[{"@type":"ListItem","position":1,"name":"Strona g\u0142\u00f3wna","item":"https:\/\/www.ateliegrupa.pl\/en\/"},{"@type":"ListItem","position":2,"name":"Artistic Offer"}]}]}},"_links":{"self":[{"href":"https:\/\/www.ateliegrupa.pl\/en\/wp-json\/wp\/v2\/pages\/30545"}],"collection":[{"href":"https:\/\/www.ateliegrupa.pl\/en\/wp-json\/wp\/v2\/pages"}],"about":[{"href":"https:\/\/www.ateliegrupa.pl\/en\/wp-json\/wp\/v2\/types\/page"}],"author":[{"embeddable":true,"href":"https:\/\/www.ateliegrupa.pl\/en\/wp-json\/wp\/v2\/users\/1"}],"replies":[{"embeddable":true,"href":"https:\/\/www.ateliegrupa.pl\/en\/wp-json\/wp\/v2\/comments?post=30545"}],"version-history":[{"count":4,"href":"https:\/\/www.ateliegrupa.pl\/en\/wp-json\/wp\/v2\/pages\/30545\/revisions"}],"predecessor-version":[{"id":30669,"href":"https:\/\/www.ateliegrupa.pl\/en\/wp-json\/wp\/v2\/pages\/30545\/revisions\/30669"}],"wp:attachment":[{"href":"https:\/\/www.ateliegrupa.pl\/en\/wp-json\/wp\/v2\/media?parent=30545"}],"curies":[{"name":"wp","href":"https:\/\/api.w.org\/{rel}","templated":true}]}}