{"id":30536,"date":"2018-04-19T18:55:23","date_gmt":"2018-04-19T16:55:23","guid":{"rendered":"https:\/\/www.ateliegrupa.pl\/?page_id=30536"},"modified":"2021-12-10T23:01:04","modified_gmt":"2021-12-10T22:01:04","slug":"about-us","status":"publish","type":"page","link":"https:\/\/www.ateliegrupa.pl\/en\/about-us\/","title":{"rendered":"About us"},"content":{"rendered":"<p>[vc_row full_width=&#8221;stretch_row_content_no_spaces&#8221; equal_height=&#8221;yes&#8221; css=&#8221;.vc_custom_1456226492361{margin-bottom: 0px !important;}&#8221;][vc_column css=&#8221;.vc_custom_1499907767493{padding-top: 0px !important;padding-bottom: 0px !important;background-image: url(https:\/\/www.ateliegrupa.pl\/wp-content\/uploads\/2016\/02\/about_us_img5.jpg?id=6990) !important;background-position: center !important;background-repeat: no-repeat !important;background-size: cover !important;}&#8221; offset=&#8221;vc_col-lg-6 vc_col-md-6&#8243;][vc_images_carousel images=&#8221;29457,29523,29466,29464,29470,29465,29467,29469,29468,29463,29522&#8243; img_size=&#8221;full&#8221; onclick=&#8221;link_no&#8221; speed=&#8221;3000&#8243; autoplay=&#8221;yes&#8221; hide_pagination_control=&#8221;yes&#8221; wrap=&#8221;yes&#8221; css=&#8221;.vc_custom_1501148131529{margin-bottom: 0px !important;}&#8221; el_class=&#8221;karuzela&#8221;][\/vc_column][vc_column offset=&#8221;vc_col-lg-6 vc_col-md-6&#8243;]<div class=\"clearboth\"><\/div><div class=\"gem-divider \" style=\"margin-top: 30px;\"><\/div>[vc_column_text]<\/p>\n<h1 style=\"color: #222222; text-align: center;\">About us<\/h1>\n<p>[\/vc_column_text]<div class=\"clearboth\"><\/div><div class=\"gem-divider \" style=\"margin-top: 30px;\"><\/div>[vc_column_text el_class=&#8221;ptext&#8221;]<span style=\"color: #222222;\">ATELIE is not only a dance group. It is mainly 15 years of experience created by a dancer\u2019s lineup, artists and choreographers full of passion for their work. Each performance is unique and we prepare for it with strong diligence. Nothing gives us such pleasure as the smile, happiness and satisfaction of our customer.<\/span><\/p>\n<p><span style=\"color: #222222;\">The passion and professionalism with which we perform all tasks committed to us combined with the huge technical capabilities, guarantee very high quality of our services. Due to the long presence on the event related market, we have gained extensive experience and knowledge in dance shows and the entire events organization.<\/span><\/p>\n<p><span style=\"color: #222222;\">Our offeris quite varied and is growing each year. You might find organization and service of: banquets, conferences, team-building meetings, concerts, all-type fairs, picnics, grand galas, promotions and fashion shows.<\/span><\/p>\n<p><span style=\"color: #222222;\">We are obviously open to all yourideas! Ourdancers, choreographers and project managers will be delighted to come up with something unique that will suit your various expectations.<\/span><\/p>\n<p><span style=\"color: #222222;\">ATELIE: dance shows, event management, dancers, dance performance, Cracow dance<\/span>[\/vc_column_text]<div class=\"clearboth\"><\/div><div class=\"gem-divider \" style=\"margin-top: 30px;\"><\/div>[\/vc_column][\/vc_row]<\/p>\n","protected":false},"excerpt":{"rendered":"<p>[vc_row full_width=&#8221;stretch_row_content_no_spaces&#8221; equal_height=&#8221;yes&#8221; css=&#8221;.vc_custom_1456226492361{margin-bottom: 0px !important;}&#8221;][vc_column css=&#8221;.vc_custom_1499907767493{padding-top: 0px !important;padding-bottom: 0px !important;background-image: url(https:\/\/www.ateliegrupa.pl\/wp-content\/uploads\/2016\/02\/about_us_img5.jpg?id=6990) !important;background-position: center !important;background-repeat: no-repeat !important;background-size: cover !important;}&#8221; offset=&#8221;vc_col-lg-6&#8230;<\/p>\n","protected":false},"author":1,"featured_media":0,"parent":0,"menu_order":0,"comment_status":"closed","ping_status":"closed","template":"","meta":{"_mi_skip_tracking":false,"_exactmetrics_sitenote_active":false,"_exactmetrics_sitenote_note":"","_exactmetrics_sitenote_category":0},"yoast_head":"<!-- This site is optimized with the Yoast SEO plugin v17.7.1 - https:\/\/yoast.com\/wordpress\/plugins\/seo\/ -->\n<title>About us - Dance Group Atelie<\/title>\n<meta name=\"description\" content=\"ATELIE is notonly a dance group. It is mainly 11 years of experience created by adancer\u2019s lineup, artists and choreographers full of passion fortheirwork. Each performance is unique and we prepare foritwith strong diligence. Nothing gives us such pleasure as the smile,happiness and satisfaction of our customer.\" \/>\n<meta name=\"robots\" content=\"index, follow, max-snippet:-1, max-image-preview:large, max-video-preview:-1\" \/>\n<link rel=\"canonical\" href=\"https:\/\/www.ateliegrupa.pl\/en\/about-us\/\" \/>\n<meta property=\"og:locale\" content=\"en_US\" \/>\n<meta property=\"og:type\" content=\"article\" \/>\n<meta property=\"og:title\" content=\"About us - Dance Group Atelie\" \/>\n<meta property=\"og:description\" content=\"ATELIE is notonly a dance group. It is mainly 11 years of experience created by adancer\u2019s lineup, artists and choreographers full of passion fortheirwork. Each performance is unique and we prepare foritwith strong diligence. Nothing gives us such pleasure as the smile,happiness and satisfaction of our customer.\" \/>\n<meta property=\"og:url\" content=\"https:\/\/www.ateliegrupa.pl\/en\/about-us\/\" \/>\n<meta property=\"og:site_name\" content=\"Atelie Grupa Taneczna\" \/>\n<meta property=\"article:modified_time\" content=\"2021-12-10T22:01:04+00:00\" \/>\n<meta name=\"twitter:card\" content=\"summary\" \/>\n<meta name=\"twitter:label1\" content=\"Est. reading time\" \/>\n\t<meta name=\"twitter:data1\" content=\"1 minute\" \/>\n<script type=\"application\/ld+json\" class=\"yoast-schema-graph\">{\"@context\":\"https:\/\/schema.org\",\"@graph\":[{\"@type\":\"WebSite\",\"@id\":\"https:\/\/www.ateliegrupa.pl\/#website\",\"url\":\"https:\/\/www.ateliegrupa.pl\/\",\"name\":\"Atelie Grupa Taneczna\",\"description\":\"Z najwi\\u0119ksz\\u0105 przyjemno\\u015bci\\u0105 prezentujemy Pa\\u0144stwu Grup\\u0119 Taneczno-Akrobatyczn\\u0105 ATELIE.\",\"potentialAction\":[{\"@type\":\"SearchAction\",\"target\":{\"@type\":\"EntryPoint\",\"urlTemplate\":\"https:\/\/www.ateliegrupa.pl\/?s={search_term_string}\"},\"query-input\":\"required name=search_term_string\"}],\"inLanguage\":\"en-US\"},{\"@type\":\"WebPage\",\"@id\":\"https:\/\/www.ateliegrupa.pl\/en\/about-us\/#webpage\",\"url\":\"https:\/\/www.ateliegrupa.pl\/en\/about-us\/\",\"name\":\"About us - Dance Group Atelie\",\"isPartOf\":{\"@id\":\"https:\/\/www.ateliegrupa.pl\/#website\"},\"datePublished\":\"2018-04-19T16:55:23+00:00\",\"dateModified\":\"2021-12-10T22:01:04+00:00\",\"description\":\"ATELIE is notonly a dance group. It is mainly 11 years of experience created by adancer\\u2019s lineup, artists and choreographers full of passion fortheirwork. Each performance is unique and we prepare foritwith strong diligence. Nothing gives us such pleasure as the smile,happiness and satisfaction of our customer.\",\"breadcrumb\":{\"@id\":\"https:\/\/www.ateliegrupa.pl\/en\/about-us\/#breadcrumb\"},\"inLanguage\":\"en-US\",\"potentialAction\":[{\"@type\":\"ReadAction\",\"target\":[\"https:\/\/www.ateliegrupa.pl\/en\/about-us\/\"]}]},{\"@type\":\"BreadcrumbList\",\"@id\":\"https:\/\/www.ateliegrupa.pl\/en\/about-us\/#breadcrumb\",\"itemListElement\":[{\"@type\":\"ListItem\",\"position\":1,\"name\":\"Strona g\\u0142\\u00f3wna\",\"item\":\"https:\/\/www.ateliegrupa.pl\/en\/\"},{\"@type\":\"ListItem\",\"position\":2,\"name\":\"About us\"}]}]}<\/script>\n<!-- \/ Yoast SEO plugin. -->","yoast_head_json":{"title":"About us - Dance Group Atelie","description":"ATELIE is notonly a dance group. It is mainly 11 years of experience created by adancer\u2019s lineup, artists and choreographers full of passion fortheirwork. Each performance is unique and we prepare foritwith strong diligence. Nothing gives us such pleasure as the smile,happiness and satisfaction of our customer.","robots":{"index":"index","follow":"follow","max-snippet":"max-snippet:-1","max-image-preview":"max-image-preview:large","max-video-preview":"max-video-preview:-1"},"canonical":"https:\/\/www.ateliegrupa.pl\/en\/about-us\/","og_locale":"en_US","og_type":"article","og_title":"About us - Dance Group Atelie","og_description":"ATELIE is notonly a dance group. It is mainly 11 years of experience created by adancer\u2019s lineup, artists and choreographers full of passion fortheirwork. Each performance is unique and we prepare foritwith strong diligence. Nothing gives us such pleasure as the smile,happiness and satisfaction of our customer.","og_url":"https:\/\/www.ateliegrupa.pl\/en\/about-us\/","og_site_name":"Atelie Grupa Taneczna","article_modified_time":"2021-12-10T22:01:04+00:00","twitter_card":"summary","twitter_misc":{"Est. reading time":"1 minute"},"schema":{"@context":"https:\/\/schema.org","@graph":[{"@type":"WebSite","@id":"https:\/\/www.ateliegrupa.pl\/#website","url":"https:\/\/www.ateliegrupa.pl\/","name":"Atelie Grupa Taneczna","description":"Z najwi\u0119ksz\u0105 przyjemno\u015bci\u0105 prezentujemy Pa\u0144stwu Grup\u0119 Taneczno-Akrobatyczn\u0105 ATELIE.","potentialAction":[{"@type":"SearchAction","target":{"@type":"EntryPoint","urlTemplate":"https:\/\/www.ateliegrupa.pl\/?s={search_term_string}"},"query-input":"required name=search_term_string"}],"inLanguage":"en-US"},{"@type":"WebPage","@id":"https:\/\/www.ateliegrupa.pl\/en\/about-us\/#webpage","url":"https:\/\/www.ateliegrupa.pl\/en\/about-us\/","name":"About us - Dance Group Atelie","isPartOf":{"@id":"https:\/\/www.ateliegrupa.pl\/#website"},"datePublished":"2018-04-19T16:55:23+00:00","dateModified":"2021-12-10T22:01:04+00:00","description":"ATELIE is notonly a dance group. It is mainly 11 years of experience created by adancer\u2019s lineup, artists and choreographers full of passion fortheirwork. Each performance is unique and we prepare foritwith strong diligence. Nothing gives us such pleasure as the smile,happiness and satisfaction of our customer.","breadcrumb":{"@id":"https:\/\/www.ateliegrupa.pl\/en\/about-us\/#breadcrumb"},"inLanguage":"en-US","potentialAction":[{"@type":"ReadAction","target":["https:\/\/www.ateliegrupa.pl\/en\/about-us\/"]}]},{"@type":"BreadcrumbList","@id":"https:\/\/www.ateliegrupa.pl\/en\/about-us\/#breadcrumb","itemListElement":[{"@type":"ListItem","position":1,"name":"Strona g\u0142\u00f3wna","item":"https:\/\/www.ateliegrupa.pl\/en\/"},{"@type":"ListItem","position":2,"name":"About us"}]}]}},"_links":{"self":[{"href":"https:\/\/www.ateliegrupa.pl\/en\/wp-json\/wp\/v2\/pages\/30536"}],"collection":[{"href":"https:\/\/www.ateliegrupa.pl\/en\/wp-json\/wp\/v2\/pages"}],"about":[{"href":"https:\/\/www.ateliegrupa.pl\/en\/wp-json\/wp\/v2\/types\/page"}],"author":[{"embeddable":true,"href":"https:\/\/www.ateliegrupa.pl\/en\/wp-json\/wp\/v2\/users\/1"}],"replies":[{"embeddable":true,"href":"https:\/\/www.ateliegrupa.pl\/en\/wp-json\/wp\/v2\/comments?post=30536"}],"version-history":[{"count":7,"href":"https:\/\/www.ateliegrupa.pl\/en\/wp-json\/wp\/v2\/pages\/30536\/revisions"}],"predecessor-version":[{"id":32731,"href":"https:\/\/www.ateliegrupa.pl\/en\/wp-json\/wp\/v2\/pages\/30536\/revisions\/32731"}],"wp:attachment":[{"href":"https:\/\/www.ateliegrupa.pl\/en\/wp-json\/wp\/v2\/media?parent=30536"}],"curies":[{"name":"wp","href":"https:\/\/api.w.org\/{rel}","templated":true}]}}